{"id":1014,"date":"2023-06-21T16:10:56","date_gmt":"2023-06-21T19:10:56","guid":{"rendered":"https:\/\/vivergrass.com\/blog\/?page_id=1014"},"modified":"2023-06-26T15:01:10","modified_gmt":"2023-06-26T18:01:10","slug":"sobre-nos","status":"publish","type":"page","link":"https:\/\/vivergrass.com\/blog\/sobre-nos\/","title":{"rendered":"Quem somos"},"content":{"rendered":"\t\t<div data-elementor-type=\"wp-page\" data-elementor-id=\"1014\" class=\"elementor elementor-1014\" data-elementor-post-type=\"page\">\n\t\t\t\t<div class=\"elementor-element elementor-element-477f736 e-flex e-con-boxed e-con e-parent\" data-id=\"477f736\" data-element_type=\"container\" data-settings=\"{&quot;background_background&quot;:&quot;classic&quot;}\">\n\t\t\t\t\t<div class=\"e-con-inner\">\n\t\t\t\t<div class=\"elementor-element elementor-element-061f324 elementor-widget elementor-widget-heading\" data-id=\"061f324\" data-element_type=\"widget\" data-widget_type=\"heading.default\">\n\t\t\t\t<div class=\"elementor-widget-container\">\n\t\t\t\t\t<h2 class=\"elementor-heading-title elementor-size-default\">Quem somos<\/h2>\t\t\t\t<\/div>\n\t\t\t\t<\/div>\n\t\t\t\t<div class=\"elementor-element elementor-element-995c0b0 elementor-widget elementor-widget-text-editor\" data-id=\"995c0b0\" data-element_type=\"widget\" data-widget_type=\"text-editor.default\">\n\t\t\t\t<div class=\"elementor-widget-container\">\n\t\t\t\t\t\t\t\t\t<p>Somos uma empresa dedicada na produ\u00e7\u00e3o de mudas de forragem. Especificamente, trabalhamos com os g\u00eaneros Cynodon spp, Pennisetum purpureum Schum e Saccharum officinarum. Localizados na Regi\u00e3o Noroeste do Esp\u00edrito Santo, seguimos as normas e regulamenta\u00e7\u00f5es do Minist\u00e9rio da Agricultura (MAPA) e possu\u00edmos registro no Renasem sob o n\u00famero ES 02435\/2020.<\/p><p>N\u00f3s nos orgulhamos de nossa experi\u00eancia e habilidade em fornecer mudas de forragem de alta qualidade para nossos clientes. Com anos de experi\u00eancia, aperfei\u00e7oamos nossos m\u00e9todos de produ\u00e7\u00e3o para garantir que nossas mudas sejam saud\u00e1veis e vigorosas. Al\u00e9m disso, estamos comprometidos em seguir as boas pr\u00e1ticas agr\u00edcolas e as regulamenta\u00e7\u00f5es governamentais, garantindo a seguran\u00e7a e a qualidade de nossos produtos. Se voc\u00ea est\u00e1 procurando mudas de forragem confi\u00e1veis e de alta qualidade, voc\u00ea pode contar conosco.<\/p>\t\t\t\t\t\t\t\t<\/div>\n\t\t\t\t<\/div>\n\t\t\t\t\t<\/div>\n\t\t\t\t<\/div>\n\t\t<div class=\"elementor-element elementor-element-c6759f9 e-flex e-con-boxed e-con e-parent\" data-id=\"c6759f9\" data-element_type=\"container\">\n\t\t\t\t\t<div class=\"e-con-inner\">\n\t\t\t\t<div class=\"elementor-element elementor-element-5e4e0cb elementor-widget elementor-widget-heading\" data-id=\"5e4e0cb\" data-element_type=\"widget\" data-widget_type=\"heading.default\">\n\t\t\t\t<div class=\"elementor-widget-container\">\n\t\t\t\t\t<h2 class=\"elementor-heading-title elementor-size-default\">Nossa Equipe de Redatores<\/h2>\t\t\t\t<\/div>\n\t\t\t\t<\/div>\n\t\t\t\t<div class=\"elementor-element elementor-element-0422cb0 elementor-widget elementor-widget-heading\" data-id=\"0422cb0\" data-element_type=\"widget\" data-widget_type=\"heading.default\">\n\t\t\t\t<div class=\"elementor-widget-container\">\n\t\t\t\t\t<h2 class=\"elementor-heading-title elementor-size-default\">Conhe\u00e7a um pouco de quem escreve pra voc\u00ea<\/h2>\t\t\t\t<\/div>\n\t\t\t\t<\/div>\n\t\t<div class=\"elementor-element elementor-element-62c4851 e-flex e-con-boxed e-con e-parent\" data-id=\"62c4851\" data-element_type=\"container\">\n\t\t\t\t\t<div class=\"e-con-inner\">\n\t\t\t\t<div class=\"elementor-element elementor-element-ccb2d10 elementor-position-top elementor-widget elementor-widget-image-box\" data-id=\"ccb2d10\" data-element_type=\"widget\" data-widget_type=\"image-box.default\">\n\t\t\t\t<div class=\"elementor-widget-container\">\n\t\t\t\t\t<div class=\"elementor-image-box-wrapper\"><figure class=\"elementor-image-box-img\"><img fetchpriority=\"high\" decoding=\"async\" width=\"300\" height=\"300\" src=\"https:\/\/vivergrass.com\/blog\/wp-content\/uploads\/2023\/06\/silagem.png\" class=\"elementor-animation-grow attachment-full size-full wp-image-1136\" alt=\"silagem\" srcset=\"https:\/\/vivergrass.com\/blog\/wp-content\/uploads\/2023\/06\/silagem.png 300w, https:\/\/vivergrass.com\/blog\/wp-content\/uploads\/2023\/06\/silagem-150x150.png 150w\" sizes=\"(max-width: 300px) 100vw, 300px\" \/><\/figure><div class=\"elementor-image-box-content\"><h3 class=\"elementor-image-box-title\">Marcos<\/h3><p class=\"elementor-image-box-description\">Lorem ipsum dolor sit amet, consectetur adipiscing elit. Ut elit tellus, luctus nec ullamcorper mattis, pulvinar dapibus leo.<\/p><\/div><\/div>\t\t\t\t<\/div>\n\t\t\t\t<\/div>\n\t\t\t\t<div class=\"elementor-element elementor-element-a06560d elementor-position-top elementor-widget elementor-widget-image-box\" data-id=\"a06560d\" data-element_type=\"widget\" data-widget_type=\"image-box.default\">\n\t\t\t\t<div class=\"elementor-widget-container\">\n\t\t\t\t\t<div class=\"elementor-image-box-wrapper\"><figure class=\"elementor-image-box-img\"><img decoding=\"async\" width=\"300\" height=\"300\" src=\"https:\/\/vivergrass.com\/blog\/wp-content\/uploads\/2023\/06\/plantio.png\" class=\"elementor-animation-grow attachment-full size-full wp-image-1135\" alt=\"plantio\" srcset=\"https:\/\/vivergrass.com\/blog\/wp-content\/uploads\/2023\/06\/plantio.png 300w, https:\/\/vivergrass.com\/blog\/wp-content\/uploads\/2023\/06\/plantio-150x150.png 150w\" sizes=\"(max-width: 300px) 100vw, 300px\" \/><\/figure><div class=\"elementor-image-box-content\"><h3 class=\"elementor-image-box-title\">Daniel<\/h3><p class=\"elementor-image-box-description\">Lorem ipsum dolor sit amet, consectetur adipiscing elit. Ut elit tellus, luctus nec ullamcorper mattis, pulvinar dapibus leo.<\/p><\/div><\/div>\t\t\t\t<\/div>\n\t\t\t\t<\/div>\n\t\t\t\t<div class=\"elementor-element elementor-element-de77010 elementor-position-top elementor-widget elementor-widget-image-box\" data-id=\"de77010\" data-element_type=\"widget\" data-widget_type=\"image-box.default\">\n\t\t\t\t<div class=\"elementor-widget-container\">\n\t\t\t\t\t<div class=\"elementor-image-box-wrapper\"><figure class=\"elementor-image-box-img\"><img decoding=\"async\" width=\"300\" height=\"300\" src=\"https:\/\/vivergrass.com\/blog\/wp-content\/uploads\/2023\/06\/suplementacao.png\" class=\"elementor-animation-grow attachment-full size-full wp-image-1137\" alt=\"suplementa\u00e7\u00e3o\" srcset=\"https:\/\/vivergrass.com\/blog\/wp-content\/uploads\/2023\/06\/suplementacao.png 300w, https:\/\/vivergrass.com\/blog\/wp-content\/uploads\/2023\/06\/suplementacao-150x150.png 150w\" sizes=\"(max-width: 300px) 100vw, 300px\" \/><\/figure><div class=\"elementor-image-box-content\"><h3 class=\"elementor-image-box-title\">Ros\u00e2ngela<\/h3><p class=\"elementor-image-box-description\">Lorem ipsum dolor sit amet, consectetur adipiscing elit. Ut elit tellus, luctus nec ullamcorper mattis, pulvinar dapibus leo.<\/p><\/div><\/div>\t\t\t\t<\/div>\n\t\t\t\t<\/div>\n\t\t\t\t<div class=\"elementor-element elementor-element-ace854e elementor-position-top elementor-widget elementor-widget-image-box\" data-id=\"ace854e\" data-element_type=\"widget\" data-widget_type=\"image-box.default\">\n\t\t\t\t<div class=\"elementor-widget-container\">\n\t\t\t\t\t<div class=\"elementor-image-box-wrapper\"><figure class=\"elementor-image-box-img\"><img loading=\"lazy\" decoding=\"async\" width=\"300\" height=\"300\" src=\"https:\/\/vivergrass.com\/blog\/wp-content\/uploads\/2023\/06\/feno.png\" class=\"elementor-animation-grow attachment-full size-full wp-image-1132\" alt=\"feno\" srcset=\"https:\/\/vivergrass.com\/blog\/wp-content\/uploads\/2023\/06\/feno.png 300w, https:\/\/vivergrass.com\/blog\/wp-content\/uploads\/2023\/06\/feno-150x150.png 150w\" sizes=\"(max-width: 300px) 100vw, 300px\" \/><\/figure><div class=\"elementor-image-box-content\"><h3 class=\"elementor-image-box-title\">Ivan<\/h3><p class=\"elementor-image-box-description\">Lorem ipsum dolor sit amet, consectetur adipiscing elit. Ut elit tellus, luctus nec ullamcorper mattis, pulvinar dapibus leo.<\/p><\/div><\/div>\t\t\t\t<\/div>\n\t\t\t\t<\/div>\n\t\t\t\t\t<\/div>\n\t\t\t\t<\/div>\n\t\t<div class=\"elementor-element elementor-element-e1dbbb4 e-flex e-con-boxed e-con e-parent\" data-id=\"e1dbbb4\" data-element_type=\"container\">\n\t\t\t\t\t<div class=\"e-con-inner\">\n\t\t\t\t<div class=\"elementor-element elementor-element-ab3d80b elementor-position-left elementor-vertical-align-top elementor-widget elementor-widget-image-box\" data-id=\"ab3d80b\" data-element_type=\"widget\" data-widget_type=\"image-box.default\">\n\t\t\t\t<div class=\"elementor-widget-container\">\n\t\t\t\t\t<div class=\"elementor-image-box-wrapper\"><figure class=\"elementor-image-box-img\"><img fetchpriority=\"high\" decoding=\"async\" width=\"300\" height=\"300\" src=\"https:\/\/vivergrass.com\/blog\/wp-content\/uploads\/2023\/06\/silagem.png\" class=\"elementor-animation-grow attachment-full size-full wp-image-1136\" alt=\"silagem\" srcset=\"https:\/\/vivergrass.com\/blog\/wp-content\/uploads\/2023\/06\/silagem.png 300w, https:\/\/vivergrass.com\/blog\/wp-content\/uploads\/2023\/06\/silagem-150x150.png 150w\" sizes=\"(max-width: 300px) 100vw, 300px\" \/><\/figure><div class=\"elementor-image-box-content\"><h3 class=\"elementor-image-box-title\">Marcos<\/h3><p class=\"elementor-image-box-description\">Lorem ipsum dolor sit amet, consectetur adipiscing elit. Ut elit tellus, luctus nec ullamcorper mattis, pulvinar dapibus leo.<\/p><\/div><\/div>\t\t\t\t<\/div>\n\t\t\t\t<\/div>\n\t\t\t\t\t<\/div>\n\t\t\t\t<\/div>\n\t\t\t\t\t<\/div>\n\t\t\t\t<\/div>\n\t\t\t\t<\/div>\n\t\t","protected":false},"excerpt":{"rendered":"<p>Quem somos Somos uma empresa dedicada na produ\u00e7\u00e3o de mudas de forragem. Especificamente, trabalhamos com os g\u00eaneros Cynodon spp, Pennisetum purpureum Schum e Saccharum officinarum. Localizados na Regi\u00e3o Noroeste do Esp\u00edrito Santo, seguimos as normas e regulamenta\u00e7\u00f5es do Minist\u00e9rio da Agricultura (MAPA) e possu\u00edmos registro no Renasem sob o n\u00famero ES 02435\/2020. N\u00f3s nos orgulhamos [&hellip;]<\/p>\n","protected":false},"author":1,"featured_media":0,"parent":0,"menu_order":0,"comment_status":"closed","ping_status":"closed","template":"elementor_header_footer","meta":{"_monsterinsights_skip_tracking":false,"_monsterinsights_sitenote_active":false,"_monsterinsights_sitenote_note":"","_monsterinsights_sitenote_category":0,"footnotes":""},"class_list":["post-1014","page","type-page","status-publish","hentry"],"yoast_head":"<!-- This site is optimized with the Yoast SEO plugin v26.6 - https:\/\/yoast.com\/wordpress\/plugins\/seo\/ -->\n<title>Quem somos - Blog da Viver Grass Forragens<\/title>\n<meta name=\"robots\" content=\"index, follow, max-snippet:-1, max-image-preview:large, max-video-preview:-1\" \/>\n<link rel=\"canonical\" href=\"https:\/\/vivergrass.com\/blog\/sobre-nos\/\" \/>\n<meta property=\"og:locale\" content=\"pt_PT\" \/>\n<meta property=\"og:type\" content=\"article\" \/>\n<meta property=\"og:title\" content=\"Quem somos - Blog da Viver Grass Forragens\" \/>\n<meta property=\"og:description\" content=\"Quem somos Somos uma empresa dedicada na produ\u00e7\u00e3o de mudas de forragem. Especificamente, trabalhamos com os g\u00eaneros Cynodon spp, Pennisetum purpureum Schum e Saccharum officinarum. Localizados na Regi\u00e3o Noroeste do Esp\u00edrito Santo, seguimos as normas e regulamenta\u00e7\u00f5es do Minist\u00e9rio da Agricultura (MAPA) e possu\u00edmos registro no Renasem sob o n\u00famero ES 02435\/2020. N\u00f3s nos orgulhamos [&hellip;]\" \/>\n<meta property=\"og:url\" content=\"https:\/\/vivergrass.com\/blog\/sobre-nos\/\" \/>\n<meta property=\"og:site_name\" content=\"Blog da Viver Grass Forragens\" \/>\n<meta property=\"article:publisher\" content=\"https:\/\/www.facebook.com\/vivergrassforragens\" \/>\n<meta property=\"article:modified_time\" content=\"2023-06-26T18:01:10+00:00\" \/>\n<meta property=\"og:image\" content=\"https:\/\/vivergrass.com\/blog\/wp-content\/uploads\/2023\/06\/silagem.png\" \/>\n<meta name=\"twitter:card\" content=\"summary_large_image\" \/>\n<meta name=\"twitter:label1\" content=\"Tempo estimado de leitura\" \/>\n\t<meta name=\"twitter:data1\" content=\"3 minutos\" \/>\n<script type=\"application\/ld+json\" class=\"yoast-schema-graph\">{\"@context\":\"https:\/\/schema.org\",\"@graph\":[{\"@type\":\"WebPage\",\"@id\":\"https:\/\/vivergrass.com\/blog\/sobre-nos\/\",\"url\":\"https:\/\/vivergrass.com\/blog\/sobre-nos\/\",\"name\":\"Quem somos - Blog da Viver Grass Forragens\",\"isPartOf\":{\"@id\":\"https:\/\/vivergrass.com\/blog\/#website\"},\"primaryImageOfPage\":{\"@id\":\"https:\/\/vivergrass.com\/blog\/sobre-nos\/#primaryimage\"},\"image\":{\"@id\":\"https:\/\/vivergrass.com\/blog\/sobre-nos\/#primaryimage\"},\"thumbnailUrl\":\"https:\/\/vivergrass.com\/blog\/wp-content\/uploads\/2023\/06\/silagem.png\",\"datePublished\":\"2023-06-21T19:10:56+00:00\",\"dateModified\":\"2023-06-26T18:01:10+00:00\",\"breadcrumb\":{\"@id\":\"https:\/\/vivergrass.com\/blog\/sobre-nos\/#breadcrumb\"},\"inLanguage\":\"pt-PT\",\"potentialAction\":[{\"@type\":\"ReadAction\",\"target\":[\"https:\/\/vivergrass.com\/blog\/sobre-nos\/\"]}]},{\"@type\":\"ImageObject\",\"inLanguage\":\"pt-PT\",\"@id\":\"https:\/\/vivergrass.com\/blog\/sobre-nos\/#primaryimage\",\"url\":\"https:\/\/vivergrass.com\/blog\/wp-content\/uploads\/2023\/06\/silagem.png\",\"contentUrl\":\"https:\/\/vivergrass.com\/blog\/wp-content\/uploads\/2023\/06\/silagem.png\",\"width\":300,\"height\":300,\"caption\":\"silagem\"},{\"@type\":\"BreadcrumbList\",\"@id\":\"https:\/\/vivergrass.com\/blog\/sobre-nos\/#breadcrumb\",\"itemListElement\":[{\"@type\":\"ListItem\",\"position\":1,\"name\":\"In\u00edcio\",\"item\":\"https:\/\/vivergrass.com\/blog\/\"},{\"@type\":\"ListItem\",\"position\":2,\"name\":\"Quem somos\"}]},{\"@type\":\"WebSite\",\"@id\":\"https:\/\/vivergrass.com\/blog\/#website\",\"url\":\"https:\/\/vivergrass.com\/blog\/\",\"name\":\"Blog da Viver Grass Forragens\",\"description\":\"Tudo sobre forragens\",\"publisher\":{\"@id\":\"https:\/\/vivergrass.com\/blog\/#organization\"},\"potentialAction\":[{\"@type\":\"SearchAction\",\"target\":{\"@type\":\"EntryPoint\",\"urlTemplate\":\"https:\/\/vivergrass.com\/blog\/?s={search_term_string}\"},\"query-input\":{\"@type\":\"PropertyValueSpecification\",\"valueRequired\":true,\"valueName\":\"search_term_string\"}}],\"inLanguage\":\"pt-PT\"},{\"@type\":\"Organization\",\"@id\":\"https:\/\/vivergrass.com\/blog\/#organization\",\"name\":\"Vivergrass\",\"url\":\"https:\/\/vivergrass.com\/blog\/\",\"logo\":{\"@type\":\"ImageObject\",\"inLanguage\":\"pt-PT\",\"@id\":\"https:\/\/vivergrass.com\/blog\/#\/schema\/logo\/image\/\",\"url\":\"https:\/\/vivergrass.com\/blog\/wp-content\/uploads\/2022\/11\/logo-vivergrass-google.png\",\"contentUrl\":\"https:\/\/vivergrass.com\/blog\/wp-content\/uploads\/2022\/11\/logo-vivergrass-google.png\",\"width\":1000,\"height\":500,\"caption\":\"Vivergrass\"},\"image\":{\"@id\":\"https:\/\/vivergrass.com\/blog\/#\/schema\/logo\/image\/\"},\"sameAs\":[\"https:\/\/www.facebook.com\/vivergrassforragens\",\"https:\/\/www.instagram.com\/vivergrass\",\"https:\/\/www.youtube.com\/c\/ViverGrassForragens\"]}]}<\/script>\n<!-- \/ Yoast SEO plugin. -->","yoast_head_json":{"title":"Quem somos - Blog da Viver Grass Forragens","robots":{"index":"index","follow":"follow","max-snippet":"max-snippet:-1","max-image-preview":"max-image-preview:large","max-video-preview":"max-video-preview:-1"},"canonical":"https:\/\/vivergrass.com\/blog\/sobre-nos\/","og_locale":"pt_PT","og_type":"article","og_title":"Quem somos - Blog da Viver Grass Forragens","og_description":"Quem somos Somos uma empresa dedicada na produ\u00e7\u00e3o de mudas de forragem. Especificamente, trabalhamos com os g\u00eaneros Cynodon spp, Pennisetum purpureum Schum e Saccharum officinarum. Localizados na Regi\u00e3o Noroeste do Esp\u00edrito Santo, seguimos as normas e regulamenta\u00e7\u00f5es do Minist\u00e9rio da Agricultura (MAPA) e possu\u00edmos registro no Renasem sob o n\u00famero ES 02435\/2020. N\u00f3s nos orgulhamos [&hellip;]","og_url":"https:\/\/vivergrass.com\/blog\/sobre-nos\/","og_site_name":"Blog da Viver Grass Forragens","article_publisher":"https:\/\/www.facebook.com\/vivergrassforragens","article_modified_time":"2023-06-26T18:01:10+00:00","og_image":[{"url":"https:\/\/vivergrass.com\/blog\/wp-content\/uploads\/2023\/06\/silagem.png","type":"","width":"","height":""}],"twitter_card":"summary_large_image","twitter_misc":{"Tempo estimado de leitura":"3 minutos"},"schema":{"@context":"https:\/\/schema.org","@graph":[{"@type":"WebPage","@id":"https:\/\/vivergrass.com\/blog\/sobre-nos\/","url":"https:\/\/vivergrass.com\/blog\/sobre-nos\/","name":"Quem somos - Blog da Viver Grass Forragens","isPartOf":{"@id":"https:\/\/vivergrass.com\/blog\/#website"},"primaryImageOfPage":{"@id":"https:\/\/vivergrass.com\/blog\/sobre-nos\/#primaryimage"},"image":{"@id":"https:\/\/vivergrass.com\/blog\/sobre-nos\/#primaryimage"},"thumbnailUrl":"https:\/\/vivergrass.com\/blog\/wp-content\/uploads\/2023\/06\/silagem.png","datePublished":"2023-06-21T19:10:56+00:00","dateModified":"2023-06-26T18:01:10+00:00","breadcrumb":{"@id":"https:\/\/vivergrass.com\/blog\/sobre-nos\/#breadcrumb"},"inLanguage":"pt-PT","potentialAction":[{"@type":"ReadAction","target":["https:\/\/vivergrass.com\/blog\/sobre-nos\/"]}]},{"@type":"ImageObject","inLanguage":"pt-PT","@id":"https:\/\/vivergrass.com\/blog\/sobre-nos\/#primaryimage","url":"https:\/\/vivergrass.com\/blog\/wp-content\/uploads\/2023\/06\/silagem.png","contentUrl":"https:\/\/vivergrass.com\/blog\/wp-content\/uploads\/2023\/06\/silagem.png","width":300,"height":300,"caption":"silagem"},{"@type":"BreadcrumbList","@id":"https:\/\/vivergrass.com\/blog\/sobre-nos\/#breadcrumb","itemListElement":[{"@type":"ListItem","position":1,"name":"In\u00edcio","item":"https:\/\/vivergrass.com\/blog\/"},{"@type":"ListItem","position":2,"name":"Quem somos"}]},{"@type":"WebSite","@id":"https:\/\/vivergrass.com\/blog\/#website","url":"https:\/\/vivergrass.com\/blog\/","name":"Blog da Viver Grass Forragens","description":"Tudo sobre forragens","publisher":{"@id":"https:\/\/vivergrass.com\/blog\/#organization"},"potentialAction":[{"@type":"SearchAction","target":{"@type":"EntryPoint","urlTemplate":"https:\/\/vivergrass.com\/blog\/?s={search_term_string}"},"query-input":{"@type":"PropertyValueSpecification","valueRequired":true,"valueName":"search_term_string"}}],"inLanguage":"pt-PT"},{"@type":"Organization","@id":"https:\/\/vivergrass.com\/blog\/#organization","name":"Vivergrass","url":"https:\/\/vivergrass.com\/blog\/","logo":{"@type":"ImageObject","inLanguage":"pt-PT","@id":"https:\/\/vivergrass.com\/blog\/#\/schema\/logo\/image\/","url":"https:\/\/vivergrass.com\/blog\/wp-content\/uploads\/2022\/11\/logo-vivergrass-google.png","contentUrl":"https:\/\/vivergrass.com\/blog\/wp-content\/uploads\/2022\/11\/logo-vivergrass-google.png","width":1000,"height":500,"caption":"Vivergrass"},"image":{"@id":"https:\/\/vivergrass.com\/blog\/#\/schema\/logo\/image\/"},"sameAs":["https:\/\/www.facebook.com\/vivergrassforragens","https:\/\/www.instagram.com\/vivergrass","https:\/\/www.youtube.com\/c\/ViverGrassForragens"]}]}},"_links":{"self":[{"href":"https:\/\/vivergrass.com\/blog\/wp-json\/wp\/v2\/pages\/1014","targetHints":{"allow":["GET"]}}],"collection":[{"href":"https:\/\/vivergrass.com\/blog\/wp-json\/wp\/v2\/pages"}],"about":[{"href":"https:\/\/vivergrass.com\/blog\/wp-json\/wp\/v2\/types\/page"}],"author":[{"embeddable":true,"href":"https:\/\/vivergrass.com\/blog\/wp-json\/wp\/v2\/users\/1"}],"replies":[{"embeddable":true,"href":"https:\/\/vivergrass.com\/blog\/wp-json\/wp\/v2\/comments?post=1014"}],"version-history":[{"count":0,"href":"https:\/\/vivergrass.com\/blog\/wp-json\/wp\/v2\/pages\/1014\/revisions"}],"wp:attachment":[{"href":"https:\/\/vivergrass.com\/blog\/wp-json\/wp\/v2\/media?parent=1014"}],"curies":[{"name":"wp","href":"https:\/\/api.w.org\/{rel}","templated":true}]}}