{"id":621,"date":"2023-03-17T17:47:39","date_gmt":"2023-03-17T20:47:39","guid":{"rendered":"https:\/\/vivergrass.com\/consultoria\/?page_id=621"},"modified":"2023-03-24T08:36:53","modified_gmt":"2023-03-24T11:36:53","slug":"sobre-nos","status":"publish","type":"page","link":"https:\/\/vivergrass.com\/consultoria\/sobre-nos\/","title":{"rendered":"Sobre N\u00f3s"},"content":{"rendered":"\t\t<div data-elementor-type=\"wp-page\" data-elementor-id=\"621\" class=\"elementor elementor-621\" data-elementor-post-type=\"page\">\n\t\t\t\t\t\t<section class=\"elementor-section elementor-top-section elementor-element elementor-element-d082151 elementor-section-boxed elementor-section-height-default elementor-section-height-default\" data-id=\"d082151\" data-element_type=\"section\" data-settings=\"{&quot;background_background&quot;:&quot;classic&quot;}\">\n\t\t\t\t\t\t<div class=\"elementor-container elementor-column-gap-default\">\n\t\t\t\t\t<div class=\"elementor-column elementor-col-100 elementor-top-column elementor-element elementor-element-07b2753\" data-id=\"07b2753\" data-element_type=\"column\">\n\t\t\t<div class=\"elementor-widget-wrap elementor-element-populated\">\n\t\t\t\t\t\t<div class=\"elementor-element elementor-element-a8847f1 elementor-widget elementor-widget-text-editor\" data-id=\"a8847f1\" data-element_type=\"widget\" data-widget_type=\"text-editor.default\">\n\t\t\t\t<div class=\"elementor-widget-container\">\n\t\t\t\t\t\t\t\t\t<p>INOVA\u00c7\u00c3O E TECNOLOGIA PARA O CAMPO<\/p>\t\t\t\t\t\t\t\t<\/div>\n\t\t\t\t<\/div>\n\t\t\t\t<div class=\"elementor-element elementor-element-b33d7a5 elementor-widget elementor-widget-heading\" data-id=\"b33d7a5\" data-element_type=\"widget\" data-widget_type=\"heading.default\">\n\t\t\t\t<div class=\"elementor-widget-container\">\n\t\t\t\t\t<h2 class=\"elementor-heading-title elementor-size-default\">SOBRE N\u00d3S<\/h2>\t\t\t\t<\/div>\n\t\t\t\t<\/div>\n\t\t\t\t<div class=\"elementor-element elementor-element-f85bcd2 elementor-widget elementor-widget-text-editor\" data-id=\"f85bcd2\" data-element_type=\"widget\" data-widget_type=\"text-editor.default\">\n\t\t\t\t<div class=\"elementor-widget-container\">\n\t\t\t\t\t\t\t\t\t<p>DESCUBRA COMO PODEMOS AJUDAR SEU NEG\u00d3CIO A PROSPERAR NO CAMPO<\/p>\t\t\t\t\t\t\t\t<\/div>\n\t\t\t\t<\/div>\n\t\t\t\t\t<\/div>\n\t\t<\/div>\n\t\t\t\t\t<\/div>\n\t\t<\/section>\n\t\t\t\t<section class=\"elementor-section elementor-top-section elementor-element elementor-element-ea6449f elementor-section-boxed elementor-section-height-default elementor-section-height-default\" data-id=\"ea6449f\" data-element_type=\"section\">\n\t\t\t\t\t\t<div class=\"elementor-container elementor-column-gap-default\">\n\t\t\t\t\t<div class=\"elementor-column elementor-col-100 elementor-top-column elementor-element elementor-element-8569fdf\" data-id=\"8569fdf\" data-element_type=\"column\">\n\t\t\t<div class=\"elementor-widget-wrap elementor-element-populated\">\n\t\t\t\t\t\t<div class=\"elementor-element elementor-element-739e6f2 elementor-widget elementor-widget-spacer\" data-id=\"739e6f2\" data-element_type=\"widget\" data-widget_type=\"spacer.default\">\n\t\t\t\t<div class=\"elementor-widget-container\">\n\t\t\t\t\t\t\t<div class=\"elementor-spacer\">\n\t\t\t<div class=\"elementor-spacer-inner\"><\/div>\n\t\t<\/div>\n\t\t\t\t\t\t<\/div>\n\t\t\t\t<\/div>\n\t\t\t\t\t<\/div>\n\t\t<\/div>\n\t\t\t\t\t<\/div>\n\t\t<\/section>\n\t\t\t\t<section class=\"elementor-section elementor-top-section elementor-element elementor-element-922b011 elementor-section-boxed elementor-section-height-default elementor-section-height-default\" data-id=\"922b011\" data-element_type=\"section\">\n\t\t\t\t\t\t<div class=\"elementor-container elementor-column-gap-default\">\n\t\t\t\t\t<div class=\"elementor-column elementor-col-100 elementor-top-column elementor-element elementor-element-5009e38\" data-id=\"5009e38\" data-element_type=\"column\">\n\t\t\t<div class=\"elementor-widget-wrap elementor-element-populated\">\n\t\t\t\t\t\t<div class=\"elementor-element elementor-element-2836a4c elementor-widget elementor-widget-spacer\" data-id=\"2836a4c\" data-element_type=\"widget\" data-widget_type=\"spacer.default\">\n\t\t\t\t<div class=\"elementor-widget-container\">\n\t\t\t\t\t\t\t<div class=\"elementor-spacer\">\n\t\t\t<div class=\"elementor-spacer-inner\"><\/div>\n\t\t<\/div>\n\t\t\t\t\t\t<\/div>\n\t\t\t\t<\/div>\n\t\t\t\t\t<\/div>\n\t\t<\/div>\n\t\t\t\t\t<\/div>\n\t\t<\/section>\n\t\t\t\t<section class=\"elementor-section elementor-top-section elementor-element elementor-element-040a60a elementor-reverse-mobile elementor-section-boxed elementor-section-height-default elementor-section-height-default\" data-id=\"040a60a\" data-element_type=\"section\">\n\t\t\t\t\t\t<div class=\"elementor-container elementor-column-gap-default\">\n\t\t\t\t\t<div class=\"elementor-column elementor-col-50 elementor-top-column elementor-element elementor-element-6a771e4\" data-id=\"6a771e4\" data-element_type=\"column\">\n\t\t\t<div class=\"elementor-widget-wrap elementor-element-populated\">\n\t\t\t\t\t\t<div class=\"elementor-element elementor-element-03597b8 elementor-widget elementor-widget-text-editor\" data-id=\"03597b8\" data-element_type=\"widget\" data-widget_type=\"text-editor.default\">\n\t\t\t\t<div class=\"elementor-widget-container\">\n\t\t\t\t\t\t\t\t\t<p>Bem-vindo \u00e0 <a href=\"https:\/\/vivergrass.com\/consultoria\">Viver Grass Consultoria<\/a>, uma empresa que oferece solu\u00e7\u00f5es inovadoras de consultoria e assist\u00eancia t\u00e9cnica remota para produtores e pecuaristas em todo o Brasil. N\u00f3s acreditamos que a tecnologia pode ser uma grande aliada para o sucesso dos neg\u00f3cios rurais, e \u00e9 por isso que desenvolvemos uma plataforma que permite que nossos clientes recebam orienta\u00e7\u00f5es, informa\u00e7\u00f5es e dicas diretamente de engenheiros agr\u00f4nomos, zootecnistas e m\u00e9dicos veterin\u00e1rios, tudo isso de forma remota e acess\u00edvel, a qualquer hora e em qualquer lugar.<\/p><p>Nosso objetivo \u00e9 ajudar nossos clientes a alcan\u00e7arem os melhores resultados em suas atividades, atrav\u00e9s de um atendimento personalizado e uma equipe de profissionais altamente qualificados. N\u00f3s fornecemos acompanhamento constante, materiais personalizados e relat\u00f3rios detalhados, para que nossos clientes possam tomar as melhores decis\u00f5es para o seu neg\u00f3cio.<\/p><p>A <a href=\"https:\/\/vivergrass.com\/\">Viver Grass<\/a> Consultoria \u00e9 a escolha ideal para quem busca economia de tempo e recursos, sem abrir m\u00e3o da qualidade e da excel\u00eancia no atendimento. N\u00f3s estamos comprometidos em transformar a vida dos produtores e pecuaristas brasileiros, levando inova\u00e7\u00e3o e tecnologia para o campo.<\/p><p>Estamos prontos para atend\u00ea-lo e ajud\u00e1-lo a alcan\u00e7ar o sucesso em sua atividade. Entre em contato conosco e saiba mais sobre como podemos ajudar a sua propriedade a crescer e prosperar.<\/p>\t\t\t\t\t\t\t\t<\/div>\n\t\t\t\t<\/div>\n\t\t\t\t\t<\/div>\n\t\t<\/div>\n\t\t\t\t<div class=\"elementor-column elementor-col-50 elementor-top-column elementor-element elementor-element-c85e4ba\" data-id=\"c85e4ba\" data-element_type=\"column\">\n\t\t\t<div class=\"elementor-widget-wrap elementor-element-populated\">\n\t\t\t\t\t\t<div class=\"elementor-element elementor-element-387ac7c elementor-widget elementor-widget-image\" data-id=\"387ac7c\" data-element_type=\"widget\" data-widget_type=\"image.default\">\n\t\t\t\t<div class=\"elementor-widget-container\">\n\t\t\t\t\t\t\t\t\t\t\t\t\t\t\t<img fetchpriority=\"high\" decoding=\"async\" width=\"858\" height=\"888\" src=\"https:\/\/vivergrass.com\/consultoria\/wp-content\/uploads\/2023\/03\/pasto-com-vacas-vivergrass-min.jpg\" class=\"attachment-large size-large wp-image-55\" alt=\"servi\u00e7os agropecu\u00e1rios vivergrass\" srcset=\"https:\/\/vivergrass.com\/consultoria\/wp-content\/uploads\/2023\/03\/pasto-com-vacas-vivergrass-min.jpg 858w, https:\/\/vivergrass.com\/consultoria\/wp-content\/uploads\/2023\/03\/pasto-com-vacas-vivergrass-min-290x300.jpg 290w, https:\/\/vivergrass.com\/consultoria\/wp-content\/uploads\/2023\/03\/pasto-com-vacas-vivergrass-min-768x795.jpg 768w\" sizes=\"(max-width: 858px) 100vw, 858px\" \/>\t\t\t\t\t\t\t\t\t\t\t\t\t\t\t<\/div>\n\t\t\t\t<\/div>\n\t\t\t\t\t<\/div>\n\t\t<\/div>\n\t\t\t\t\t<\/div>\n\t\t<\/section>\n\t\t\t\t<section class=\"elementor-section elementor-top-section elementor-element elementor-element-c5c5712 elementor-section-boxed elementor-section-height-default elementor-section-height-default\" data-id=\"c5c5712\" data-element_type=\"section\">\n\t\t\t\t\t\t<div class=\"elementor-container elementor-column-gap-default\">\n\t\t\t\t\t<div class=\"elementor-column elementor-col-16 elementor-top-column elementor-element elementor-element-37f1db9\" data-id=\"37f1db9\" data-element_type=\"column\">\n\t\t\t<div class=\"elementor-widget-wrap\">\n\t\t\t\t\t\t\t<\/div>\n\t\t<\/div>\n\t\t\t\t<div class=\"elementor-column elementor-col-66 elementor-top-column elementor-element elementor-element-63d4c59\" data-id=\"63d4c59\" data-element_type=\"column\">\n\t\t\t<div class=\"elementor-widget-wrap elementor-element-populated\">\n\t\t\t\t\t\t<div class=\"elementor-element elementor-element-78293ec elementor-widget elementor-widget-text-editor\" data-id=\"78293ec\" data-element_type=\"widget\" data-widget_type=\"text-editor.default\">\n\t\t\t\t<div class=\"elementor-widget-container\">\n\t\t\t\t\t\t\t\t\t<p><strong>Miss\u00e3o: <\/strong><\/p><p>Oferecer solu\u00e7\u00f5es inovadoras de consultoria e assist\u00eancia t\u00e9cnica remota para produtores e pecuaristas em todo o Brasil, transformando a vida dos clientes e contribuindo para o desenvolvimento do setor agropecu\u00e1rio.<\/p><p><strong>Vis\u00e3o: <\/strong><\/p><p>Ser refer\u00eancia nacional em consultoria e assist\u00eancia t\u00e9cnica remota para o agroneg\u00f3cio, reconhecida pela excel\u00eancia no atendimento e pela utiliza\u00e7\u00e3o de tecnologias de ponta.<\/p><p><strong>Valores:<\/strong><\/p><ul><li><strong>Inova\u00e7\u00e3o:<\/strong> buscamos sempre estar na vanguarda do setor agropecu\u00e1rio, trazendo solu\u00e7\u00f5es inovadoras e tecnol\u00f3gicas para nossos clientes.<\/li><li><strong>Comprometimento:<\/strong> estamos dedicados a fornecer aos nossos clientes um atendimento personalizado e de qualidade, ajudando-os a alcan\u00e7ar seus objetivos.<\/li><li><strong>\u00c9tica:<\/strong> agimos com integridade, honestidade e transpar\u00eancia em todas as nossas rela\u00e7\u00f5es comerciais.<\/li><li><strong>Valoriza\u00e7\u00e3o das pessoas:<\/strong> valorizamos a diversidade e o respeito ao pr\u00f3ximo, proporcionando um ambiente de trabalho saud\u00e1vel e inclusivo para nossa equipe.<\/li><li><strong>Sustentabilidade:<\/strong> acreditamos na responsabilidade socioambiental e buscamos contribuir para um futuro mais sustent\u00e1vel para o agroneg\u00f3cio e para o planeta.<\/li><\/ul>\t\t\t\t\t\t\t\t<\/div>\n\t\t\t\t<\/div>\n\t\t\t\t\t<\/div>\n\t\t<\/div>\n\t\t\t\t<div class=\"elementor-column elementor-col-16 elementor-top-column elementor-element elementor-element-9b49360\" data-id=\"9b49360\" data-element_type=\"column\">\n\t\t\t<div class=\"elementor-widget-wrap\">\n\t\t\t\t\t\t\t<\/div>\n\t\t<\/div>\n\t\t\t\t\t<\/div>\n\t\t<\/section>\n\t\t\t\t<\/div>\n\t\t","protected":false},"excerpt":{"rendered":"<p>INOVA\u00c7\u00c3O E TECNOLOGIA PARA O CAMPO SOBRE N\u00d3S DESCUBRA COMO PODEMOS AJUDAR SEU NEG\u00d3CIO A PROSPERAR NO CAMPO Bem-vindo \u00e0 Viver Grass Consultoria, uma empresa que oferece solu\u00e7\u00f5es inovadoras de consultoria e assist\u00eancia t\u00e9cnica remota para produtores e pecuaristas em todo o Brasil. N\u00f3s acreditamos que a tecnologia pode ser uma grande aliada para o [&hellip;]<\/p>\n","protected":false},"author":1,"featured_media":0,"parent":0,"menu_order":0,"comment_status":"closed","ping_status":"closed","template":"elementor_header_footer","meta":{"_monsterinsights_skip_tracking":false,"_monsterinsights_sitenote_active":false,"_monsterinsights_sitenote_note":"","_monsterinsights_sitenote_category":0,"footnotes":""},"class_list":["post-621","page","type-page","status-publish","hentry","entry"],"yoast_head":"<!-- This site is optimized with the Yoast SEO plugin v26.6 - https:\/\/yoast.com\/wordpress\/plugins\/seo\/ -->\n<title>Sobre N\u00f3s | Consultoria Viver Grass<\/title>\n<meta name=\"description\" content=\"Obtenha informa\u00e7\u00f5es sobre n\u00f3s da consultoria viver grass e saiba como oferecemos nossas solu\u00e7\u00f5es e acreditamos que a tecnologia \u00e9 uma aliada.\" \/>\n<meta name=\"robots\" content=\"index, follow, max-snippet:-1, max-image-preview:large, max-video-preview:-1\" \/>\n<link rel=\"canonical\" href=\"https:\/\/vivergrass.com\/consultoria\/sobre-nos\/\" \/>\n<meta property=\"og:locale\" content=\"pt_PT\" \/>\n<meta property=\"og:type\" content=\"article\" \/>\n<meta property=\"og:title\" content=\"Sobre N\u00f3s | Consultoria Viver Grass\" \/>\n<meta property=\"og:description\" content=\"Obtenha informa\u00e7\u00f5es sobre n\u00f3s da consultoria viver grass e saiba como oferecemos nossas solu\u00e7\u00f5es e acreditamos que a tecnologia \u00e9 uma aliada.\" \/>\n<meta property=\"og:url\" content=\"https:\/\/vivergrass.com\/consultoria\/sobre-nos\/\" \/>\n<meta property=\"og:site_name\" content=\"Consultoria\" \/>\n<meta property=\"article:publisher\" content=\"https:\/\/www.facebook.com\/vivergrassforragens\" \/>\n<meta property=\"article:modified_time\" content=\"2023-03-24T11:36:53+00:00\" \/>\n<meta property=\"og:image\" content=\"https:\/\/vivergrass.com\/consultoria\/wp-content\/uploads\/2023\/03\/pasto-com-vacas-vivergrass-min.jpg\" \/>\n<meta name=\"twitter:card\" content=\"summary_large_image\" \/>\n<meta name=\"twitter:label1\" content=\"Tempo estimado de leitura\" \/>\n\t<meta name=\"twitter:data1\" content=\"3 minutos\" \/>\n<script type=\"application\/ld+json\" class=\"yoast-schema-graph\">{\"@context\":\"https:\/\/schema.org\",\"@graph\":[{\"@type\":\"WebPage\",\"@id\":\"https:\/\/vivergrass.com\/consultoria\/sobre-nos\/\",\"url\":\"https:\/\/vivergrass.com\/consultoria\/sobre-nos\/\",\"name\":\"Sobre N\u00f3s | Consultoria Viver Grass\",\"isPartOf\":{\"@id\":\"https:\/\/vivergrass.com\/consultoria\/#website\"},\"primaryImageOfPage\":{\"@id\":\"https:\/\/vivergrass.com\/consultoria\/sobre-nos\/#primaryimage\"},\"image\":{\"@id\":\"https:\/\/vivergrass.com\/consultoria\/sobre-nos\/#primaryimage\"},\"thumbnailUrl\":\"https:\/\/vivergrass.com\/consultoria\/wp-content\/uploads\/2023\/03\/pasto-com-vacas-vivergrass-min.jpg\",\"datePublished\":\"2023-03-17T20:47:39+00:00\",\"dateModified\":\"2023-03-24T11:36:53+00:00\",\"description\":\"Obtenha informa\u00e7\u00f5es sobre n\u00f3s da consultoria viver grass e saiba como oferecemos nossas solu\u00e7\u00f5es e acreditamos que a tecnologia \u00e9 uma aliada.\",\"breadcrumb\":{\"@id\":\"https:\/\/vivergrass.com\/consultoria\/sobre-nos\/#breadcrumb\"},\"inLanguage\":\"pt-PT\",\"potentialAction\":[{\"@type\":\"ReadAction\",\"target\":[\"https:\/\/vivergrass.com\/consultoria\/sobre-nos\/\"]}]},{\"@type\":\"ImageObject\",\"inLanguage\":\"pt-PT\",\"@id\":\"https:\/\/vivergrass.com\/consultoria\/sobre-nos\/#primaryimage\",\"url\":\"https:\/\/vivergrass.com\/consultoria\/wp-content\/uploads\/2023\/03\/pasto-com-vacas-vivergrass-min.jpg\",\"contentUrl\":\"https:\/\/vivergrass.com\/consultoria\/wp-content\/uploads\/2023\/03\/pasto-com-vacas-vivergrass-min.jpg\",\"width\":858,\"height\":888,\"caption\":\"servi\u00e7os agropecu\u00e1rios vivergrass\"},{\"@type\":\"BreadcrumbList\",\"@id\":\"https:\/\/vivergrass.com\/consultoria\/sobre-nos\/#breadcrumb\",\"itemListElement\":[{\"@type\":\"ListItem\",\"position\":1,\"name\":\"Home\",\"item\":\"https:\/\/vivergrass.com\/consultoria\/\"},{\"@type\":\"ListItem\",\"position\":2,\"name\":\"Sobre N\u00f3s\"}]},{\"@type\":\"WebSite\",\"@id\":\"https:\/\/vivergrass.com\/consultoria\/#website\",\"url\":\"https:\/\/vivergrass.com\/consultoria\/\",\"name\":\"Consultoria\",\"description\":\"Consultoria Viver Grass\",\"publisher\":{\"@id\":\"https:\/\/vivergrass.com\/consultoria\/#organization\"},\"potentialAction\":[{\"@type\":\"SearchAction\",\"target\":{\"@type\":\"EntryPoint\",\"urlTemplate\":\"https:\/\/vivergrass.com\/consultoria\/?s={search_term_string}\"},\"query-input\":{\"@type\":\"PropertyValueSpecification\",\"valueRequired\":true,\"valueName\":\"search_term_string\"}}],\"inLanguage\":\"pt-PT\"},{\"@type\":\"Organization\",\"@id\":\"https:\/\/vivergrass.com\/consultoria\/#organization\",\"name\":\"Consultoria\",\"url\":\"https:\/\/vivergrass.com\/consultoria\/\",\"logo\":{\"@type\":\"ImageObject\",\"inLanguage\":\"pt-PT\",\"@id\":\"https:\/\/vivergrass.com\/consultoria\/#\/schema\/logo\/image\/\",\"url\":\"https:\/\/vivergrass.com\/consultoria\/wp-content\/uploads\/2023\/03\/logo-blog-black-168x36-1.png\",\"contentUrl\":\"https:\/\/vivergrass.com\/consultoria\/wp-content\/uploads\/2023\/03\/logo-blog-black-168x36-1.png\",\"width\":168,\"height\":36,\"caption\":\"Consultoria\"},\"image\":{\"@id\":\"https:\/\/vivergrass.com\/consultoria\/#\/schema\/logo\/image\/\"},\"sameAs\":[\"https:\/\/www.facebook.com\/vivergrassforragens\",\"https:\/\/www.instagram.com\/vivergrass\",\"https:\/\/www.pinterest.com\/vivergrass\/\",\"https:\/\/www.youtube.com\/c\/ViverGrassForragens\",\"https:\/\/www.linkedin.com\/company\/viver-grass\/\"]}]}<\/script>\n<!-- \/ Yoast SEO plugin. -->","yoast_head_json":{"title":"Sobre N\u00f3s | Consultoria Viver Grass","description":"Obtenha informa\u00e7\u00f5es sobre n\u00f3s da consultoria viver grass e saiba como oferecemos nossas solu\u00e7\u00f5es e acreditamos que a tecnologia \u00e9 uma aliada.","robots":{"index":"index","follow":"follow","max-snippet":"max-snippet:-1","max-image-preview":"max-image-preview:large","max-video-preview":"max-video-preview:-1"},"canonical":"https:\/\/vivergrass.com\/consultoria\/sobre-nos\/","og_locale":"pt_PT","og_type":"article","og_title":"Sobre N\u00f3s | Consultoria Viver Grass","og_description":"Obtenha informa\u00e7\u00f5es sobre n\u00f3s da consultoria viver grass e saiba como oferecemos nossas solu\u00e7\u00f5es e acreditamos que a tecnologia \u00e9 uma aliada.","og_url":"https:\/\/vivergrass.com\/consultoria\/sobre-nos\/","og_site_name":"Consultoria","article_publisher":"https:\/\/www.facebook.com\/vivergrassforragens","article_modified_time":"2023-03-24T11:36:53+00:00","og_image":[{"url":"https:\/\/vivergrass.com\/consultoria\/wp-content\/uploads\/2023\/03\/pasto-com-vacas-vivergrass-min.jpg","type":"","width":"","height":""}],"twitter_card":"summary_large_image","twitter_misc":{"Tempo estimado de leitura":"3 minutos"},"schema":{"@context":"https:\/\/schema.org","@graph":[{"@type":"WebPage","@id":"https:\/\/vivergrass.com\/consultoria\/sobre-nos\/","url":"https:\/\/vivergrass.com\/consultoria\/sobre-nos\/","name":"Sobre N\u00f3s | Consultoria Viver Grass","isPartOf":{"@id":"https:\/\/vivergrass.com\/consultoria\/#website"},"primaryImageOfPage":{"@id":"https:\/\/vivergrass.com\/consultoria\/sobre-nos\/#primaryimage"},"image":{"@id":"https:\/\/vivergrass.com\/consultoria\/sobre-nos\/#primaryimage"},"thumbnailUrl":"https:\/\/vivergrass.com\/consultoria\/wp-content\/uploads\/2023\/03\/pasto-com-vacas-vivergrass-min.jpg","datePublished":"2023-03-17T20:47:39+00:00","dateModified":"2023-03-24T11:36:53+00:00","description":"Obtenha informa\u00e7\u00f5es sobre n\u00f3s da consultoria viver grass e saiba como oferecemos nossas solu\u00e7\u00f5es e acreditamos que a tecnologia \u00e9 uma aliada.","breadcrumb":{"@id":"https:\/\/vivergrass.com\/consultoria\/sobre-nos\/#breadcrumb"},"inLanguage":"pt-PT","potentialAction":[{"@type":"ReadAction","target":["https:\/\/vivergrass.com\/consultoria\/sobre-nos\/"]}]},{"@type":"ImageObject","inLanguage":"pt-PT","@id":"https:\/\/vivergrass.com\/consultoria\/sobre-nos\/#primaryimage","url":"https:\/\/vivergrass.com\/consultoria\/wp-content\/uploads\/2023\/03\/pasto-com-vacas-vivergrass-min.jpg","contentUrl":"https:\/\/vivergrass.com\/consultoria\/wp-content\/uploads\/2023\/03\/pasto-com-vacas-vivergrass-min.jpg","width":858,"height":888,"caption":"servi\u00e7os agropecu\u00e1rios vivergrass"},{"@type":"BreadcrumbList","@id":"https:\/\/vivergrass.com\/consultoria\/sobre-nos\/#breadcrumb","itemListElement":[{"@type":"ListItem","position":1,"name":"Home","item":"https:\/\/vivergrass.com\/consultoria\/"},{"@type":"ListItem","position":2,"name":"Sobre N\u00f3s"}]},{"@type":"WebSite","@id":"https:\/\/vivergrass.com\/consultoria\/#website","url":"https:\/\/vivergrass.com\/consultoria\/","name":"Consultoria","description":"Consultoria Viver Grass","publisher":{"@id":"https:\/\/vivergrass.com\/consultoria\/#organization"},"potentialAction":[{"@type":"SearchAction","target":{"@type":"EntryPoint","urlTemplate":"https:\/\/vivergrass.com\/consultoria\/?s={search_term_string}"},"query-input":{"@type":"PropertyValueSpecification","valueRequired":true,"valueName":"search_term_string"}}],"inLanguage":"pt-PT"},{"@type":"Organization","@id":"https:\/\/vivergrass.com\/consultoria\/#organization","name":"Consultoria","url":"https:\/\/vivergrass.com\/consultoria\/","logo":{"@type":"ImageObject","inLanguage":"pt-PT","@id":"https:\/\/vivergrass.com\/consultoria\/#\/schema\/logo\/image\/","url":"https:\/\/vivergrass.com\/consultoria\/wp-content\/uploads\/2023\/03\/logo-blog-black-168x36-1.png","contentUrl":"https:\/\/vivergrass.com\/consultoria\/wp-content\/uploads\/2023\/03\/logo-blog-black-168x36-1.png","width":168,"height":36,"caption":"Consultoria"},"image":{"@id":"https:\/\/vivergrass.com\/consultoria\/#\/schema\/logo\/image\/"},"sameAs":["https:\/\/www.facebook.com\/vivergrassforragens","https:\/\/www.instagram.com\/vivergrass","https:\/\/www.pinterest.com\/vivergrass\/","https:\/\/www.youtube.com\/c\/ViverGrassForragens","https:\/\/www.linkedin.com\/company\/viver-grass\/"]}]}},"_links":{"self":[{"href":"https:\/\/vivergrass.com\/consultoria\/wp-json\/wp\/v2\/pages\/621","targetHints":{"allow":["GET"]}}],"collection":[{"href":"https:\/\/vivergrass.com\/consultoria\/wp-json\/wp\/v2\/pages"}],"about":[{"href":"https:\/\/vivergrass.com\/consultoria\/wp-json\/wp\/v2\/types\/page"}],"author":[{"embeddable":true,"href":"https:\/\/vivergrass.com\/consultoria\/wp-json\/wp\/v2\/users\/1"}],"replies":[{"embeddable":true,"href":"https:\/\/vivergrass.com\/consultoria\/wp-json\/wp\/v2\/comments?post=621"}],"version-history":[{"count":18,"href":"https:\/\/vivergrass.com\/consultoria\/wp-json\/wp\/v2\/pages\/621\/revisions"}],"predecessor-version":[{"id":929,"href":"https:\/\/vivergrass.com\/consultoria\/wp-json\/wp\/v2\/pages\/621\/revisions\/929"}],"wp:attachment":[{"href":"https:\/\/vivergrass.com\/consultoria\/wp-json\/wp\/v2\/media?parent=621"}],"curies":[{"name":"wp","href":"https:\/\/api.w.org\/{rel}","templated":true}]}}