{"id":635,"date":"2023-09-04T16:54:02","date_gmt":"2023-09-04T19:54:02","guid":{"rendered":"https:\/\/vivergrass.com\/loja\/?page_id=635"},"modified":"2023-09-04T16:59:39","modified_gmt":"2023-09-04T19:59:39","slug":"sobre-nos","status":"publish","type":"page","link":"https:\/\/vivergrass.com\/loja\/sobre-nos\/","title":{"rendered":"Sobre n\u00f3s"},"content":{"rendered":"\t\t<div data-elementor-type=\"wp-page\" data-elementor-id=\"635\" class=\"elementor elementor-635\" data-elementor-post-type=\"page\">\n\t\t\t\t\t\t<section class=\"elementor-section elementor-top-section elementor-element elementor-element-30d361ef elementor-section-boxed elementor-section-height-default elementor-section-height-default\" data-id=\"30d361ef\" data-element_type=\"section\" data-e-type=\"section\">\n\t\t\t\t\t\t<div class=\"elementor-container elementor-column-gap-default\">\n\t\t\t\t\t<div class=\"elementor-column elementor-col-100 elementor-top-column elementor-element elementor-element-2aa7f4a7\" data-id=\"2aa7f4a7\" data-element_type=\"column\" data-e-type=\"column\">\n\t\t\t<div class=\"elementor-widget-wrap elementor-element-populated\">\n\t\t\t\t\t\t<div class=\"elementor-element elementor-element-2deaa55c elementor-widget elementor-widget-text-editor\" data-id=\"2deaa55c\" data-element_type=\"widget\" data-e-type=\"widget\" data-widget_type=\"text-editor.default\">\n\t\t\t\t<div class=\"elementor-widget-container\">\n\t\t\t\t\t\t\t\t\t<h2>Sobre a Viver Grass<\/h2>\n<p>\u00a0<\/p>\n<p>Bem-vindo \u00e0 Viver Grass, sua fonte confi\u00e1vel de mudas de forrageiras de alta qualidade. Estamos comprometidos em fornecer aos agricultores e pecuaristas as melhores op\u00e7\u00f5es para melhorar a alimenta\u00e7\u00e3o e o desempenho de seus animais.<\/p>\n<p>Fundada h\u00e1 6 anos na Regi\u00e3o Noroeste do Esp\u00edrito Santo, a Viver Grass tem uma longa hist\u00f3ria de sucesso na produ\u00e7\u00e3o de mudas de forrageiras. Ao longo dos anos, aprimoramos nossos m\u00e9todos de produ\u00e7\u00e3o para garantir a qualidade superior de nossas mudas.<\/p>\n<h3><strong>Miss\u00e3o:<\/strong><\/h3>\n<p>Nossa miss\u00e3o \u00e9 simples &#8211; oferecer aos nossos clientes mudas e tecnologias em forrageiras com excel\u00eancia. Estamos comprometidos em ajudar voc\u00ea a atingir seus objetivos na cria\u00e7\u00e3o de animais, fornecendo forragem de alta qualidade.<\/p>\n<h3><strong>Vis\u00e3o:<\/strong><\/h3>\n<p>Queremos ser reconhecidos nacionalmente como l\u00edderes em produtos e solu\u00e7\u00f5es tecnol\u00f3gicas em forrageiras. Nossa busca constante pela inova\u00e7\u00e3o e qualidade nos guia em dire\u00e7\u00e3o a essa vis\u00e3o.<\/p>\n<h3><strong>Nossos Valores:<\/strong><\/h3>\n<p><strong>\u00c9tica:<\/strong> Acreditamos na pr\u00e1tica da verdade e no respeito em todos os relacionamentos.<br \/><strong>Compromisso:<\/strong> Valorizamos a inova\u00e7\u00e3o, a compet\u00eancia e o comprometimento dos profissionais que fazem parte da nossa equipe.<br \/><strong>Excel\u00eancia:<\/strong> Trabalhamos com qualidade e confiabilidade em todos os processos.<br \/><strong>Sustentabilidade:<\/strong> Comprometemo-nos a produzir de forma que atenda \u00e0 sociedade, respeite nossos colaboradores e preserve o meio ambiente.<br \/><strong>Esp\u00edrito Empreendedor:<\/strong> Agimos no presente com a vis\u00e3o de futuro.<\/p>\n<p>Estamos entusiasmados em fazer parte do seu sucesso na agricultura e pecu\u00e1ria. Explore nosso cat\u00e1logo de mudas de forrageiras e descubra como a Viver Grass pode ser seu parceiro confi\u00e1vel no cultivo de pastagens e capineiras de qualidade.<\/p>\n<p>\u00a0<\/p>\t\t\t\t\t\t\t\t<\/div>\n\t\t\t\t<\/div>\n\t\t\t\t\t<\/div>\n\t\t<\/div>\n\t\t\t\t\t<\/div>\n\t\t<\/section>\n\t\t\t\t<\/div>\n\t\t","protected":false},"excerpt":{"rendered":"<p>Sobre a Viver Grass \u00a0 Bem-vindo \u00e0 Viver Grass, sua fonte confi\u00e1vel de mudas de forrageiras de alta qualidade. Estamos comprometidos em fornecer aos agricultores e pecuaristas as melhores op\u00e7\u00f5es para melhorar a alimenta\u00e7\u00e3o e o desempenho de seus animais. Fundada h\u00e1 6 anos na Regi\u00e3o Noroeste do Esp\u00edrito Santo, a Viver Grass tem uma [&hellip;]<\/p>\n","protected":false},"author":1,"featured_media":0,"parent":0,"menu_order":0,"comment_status":"closed","ping_status":"open","template":"","meta":{"_monsterinsights_skip_tracking":false,"_monsterinsights_sitenote_active":false,"_monsterinsights_sitenote_note":"","_monsterinsights_sitenote_category":0,"_uf_show_specific_survey":0,"_uf_disable_surveys":false,"footnotes":""},"class_list":["post-635","page","type-page","status-publish","hentry"],"aioseo_notices":[],"_links":{"self":[{"href":"https:\/\/vivergrass.com\/loja\/wp-json\/wp\/v2\/pages\/635","targetHints":{"allow":["GET"]}}],"collection":[{"href":"https:\/\/vivergrass.com\/loja\/wp-json\/wp\/v2\/pages"}],"about":[{"href":"https:\/\/vivergrass.com\/loja\/wp-json\/wp\/v2\/types\/page"}],"author":[{"embeddable":true,"href":"https:\/\/vivergrass.com\/loja\/wp-json\/wp\/v2\/users\/1"}],"replies":[{"embeddable":true,"href":"https:\/\/vivergrass.com\/loja\/wp-json\/wp\/v2\/comments?post=635"}],"version-history":[{"count":13,"href":"https:\/\/vivergrass.com\/loja\/wp-json\/wp\/v2\/pages\/635\/revisions"}],"predecessor-version":[{"id":648,"href":"https:\/\/vivergrass.com\/loja\/wp-json\/wp\/v2\/pages\/635\/revisions\/648"}],"wp:attachment":[{"href":"https:\/\/vivergrass.com\/loja\/wp-json\/wp\/v2\/media?parent=635"}],"curies":[{"name":"wp","href":"https:\/\/api.w.org\/{rel}","templated":true}]}}