{"id":828,"date":"2024-04-29T08:12:19","date_gmt":"2024-04-29T11:12:19","guid":{"rendered":"https:\/\/vivergrass.com\/loja\/quote-request\/"},"modified":"2024-04-29T08:12:19","modified_gmt":"2024-04-29T11:12:19","slug":"quote-request","status":"publish","type":"page","link":"https:\/\/vivergrass.com\/loja\/quote-request\/","title":{"rendered":"Quote Request"},"content":{"rendered":"<div style=\"clear:both; \">\r\n<p class=\"cart-empty\">\r\n\t<h3>\r\n\r\n        Sua lista de solicita\u00e7\u00f5es de or\u00e7amento est\u00e1 vazia no momento.\r\n    <\/h3>\r\n<\/p>\r\n\r\n\r\n\t<p class=\"rfq-return-to-shop\">\r\n\t\t<a class=\"button wc-backward\" href=\"https:\/\/vivergrass.com\/loja\/loja\/\">\r\n\t\t\tVoltar \u00e0 loja\t\t<\/a>\r\n\t<\/p>\r\n\r\n\r\n<\/div>\r\n    <div style=\"clear: both\"><\/div>\r\n\r\n\n","protected":false},"excerpt":{"rendered":"","protected":false},"author":1,"featured_media":0,"parent":0,"menu_order":0,"comment_status":"closed","ping_status":"closed","template":"","meta":{"_monsterinsights_skip_tracking":false,"_monsterinsights_sitenote_active":false,"_monsterinsights_sitenote_note":"","_monsterinsights_sitenote_category":0,"_uf_show_specific_survey":0,"_uf_disable_surveys":false,"footnotes":""},"class_list":["post-828","page","type-page","status-publish","hentry"],"aioseo_notices":[],"_links":{"self":[{"href":"https:\/\/vivergrass.com\/loja\/wp-json\/wp\/v2\/pages\/828","targetHints":{"allow":["GET"]}}],"collection":[{"href":"https:\/\/vivergrass.com\/loja\/wp-json\/wp\/v2\/pages"}],"about":[{"href":"https:\/\/vivergrass.com\/loja\/wp-json\/wp\/v2\/types\/page"}],"author":[{"embeddable":true,"href":"https:\/\/vivergrass.com\/loja\/wp-json\/wp\/v2\/users\/1"}],"replies":[{"embeddable":true,"href":"https:\/\/vivergrass.com\/loja\/wp-json\/wp\/v2\/comments?post=828"}],"version-history":[{"count":0,"href":"https:\/\/vivergrass.com\/loja\/wp-json\/wp\/v2\/pages\/828\/revisions"}],"wp:attachment":[{"href":"https:\/\/vivergrass.com\/loja\/wp-json\/wp\/v2\/media?parent=828"}],"curies":[{"name":"wp","href":"https:\/\/api.w.org\/{rel}","templated":true}]}}