{"id":27,"date":"2023-07-20T16:37:16","date_gmt":"2023-07-20T19:37:16","guid":{"rendered":"https:\/\/vivergrass.com\/loja\/?post_type=product&#038;p=27"},"modified":"2026-03-19T08:30:57","modified_gmt":"2026-03-19T11:30:57","slug":"hastes-de-brs-kurumi","status":"publish","type":"product","link":"https:\/\/vivergrass.com\/loja\/produto\/hastes-de-brs-kurumi\/","title":{"rendered":"Hastes de BRS Kurumi"},"content":{"rendered":"<div>\n<div id=\"tab-1\" class=\"tab-content\u00a0 current\"><span style=\"vertical-align: inherit;\"><span style=\"vertical-align: inherit;\">Nome cient\u00edfico: Pennisetum purpureum Schum.<\/span><\/span><\/div>\n<\/div>\n<div><\/div>\n<div>\n<div class=\"tab-content\u00a0 current\"><span style=\"vertical-align: inherit;\"><span style=\"vertical-align: inherit;\">Cultivar: BRS Kurumi &#8211; Merkeron de Pinda (BAGCE 19) x Roxo (BAGCE 57)<\/span><\/span><\/div>\n<\/div>\n<div><\/div>\n<div>\n<div class=\"tab-content\u00a0 current\">Fertilidade do solo: Alta<\/div>\n<\/div>\n<div><\/div>\n<div>\n<div class=\"tab-content\u00a0 current\"><span style=\"vertical-align: inherit;\"><span style=\"vertical-align: inherit;\">Forma de crescimento: Semi aberto Altura: 0,7 a 0,8 m<\/span><\/span><\/div>\n<\/div>\n<div><\/div>\n<div>\n<div class=\"tab-content\u00a0 current\">Utiliza\u00e7\u00e3o: Pastejo direto<\/div>\n<\/div>\n<div><\/div>\n<div>\n<div class=\"tab-content\u00a0 current\">Digestibilidade: Boa<\/div>\n<\/div>\n<div><\/div>\n<div>\n<div class=\"tab-content\u00a0 current\">Palatabilidade: Boa<\/div>\n<\/div>\n<div><\/div>\n<div>\n<div class=\"tab-content\u00a0 current\">Precipita\u00e7\u00e3o pluviom\u00e9trica: Acima de 800 mm anuais<\/div>\n<\/div>\n<div><\/div>\n<div>\n<div class=\"tab-content\u00a0 current\">Toler\u00e2ncia \u00e0 seca: Boa<\/div>\n<\/div>\n<div><\/div>\n<div>\n<div class=\"tab-content\u00a0 current\">Toler\u00e2ncia ao frio: Boa<\/div>\n<\/div>\n<div><\/div>\n<div>\n<div class=\"tab-content\u00a0 current\">Teor de prote\u00edna: 18 a 20 % na MS<\/div>\n<\/div>\n<div><\/div>\n<div>\n<div class=\"tab-content\u00a0 current\">Profundidade de plantio: 15 a 20 cm<\/div>\n<\/div>\n<div><\/div>\n<div>\n<div class=\"tab-content\u00a0 current\">Ciclo vegetativo: Perene<\/div>\n<\/div>\n<div><\/div>\n<div>\n<div class=\"tab-content\u00a0 current\">Produ\u00e7\u00e3o de forragens: 25 a 30 ton\/ha\/ano de MS<\/div>\n<\/div>\n<div><\/div>\n<div>\n<div class=\"tab-content\u00a0 current\">Cigarrinha das pastagens: Sucept\u00edvel<\/div>\n<\/div>\n<div><\/div>\n<div>\n<div class=\"tab-content\u00a0 current\">Consorcia\u00e7\u00e3o: &#8211;<\/div>\n<\/div>\n<div><\/div>\n<div>\n<div class=\"tab-content\u00a0 current\">Origem Brasil &#8211; Embrapa<\/div>\n<\/div>\n<div><\/div>\n<div>\n<div id=\"tab-2\" class=\"tab-content\">Hastes de 30 ou 50 cm<\/div>\n<div>\n<hr \/>\n<\/div>\n<\/div>\n<div><\/div>\n<h1>Hastes de BRS Kurumi<\/h1>\n<div>\n<p>O BRS Kurumi representa uma variedade avan\u00e7ada de capim-elefante (<a href=\"https:\/\/pt.wikipedia.org\/wiki\/Pennisetum_purpureum\" rel=\"nofollow \"><em>Pennisetum purpureum schum<\/em><\/a>) com propaga\u00e7\u00e3o vegetativa atrav\u00e9s de Muda Pr\u00e9 Brotada ou hastes. Sua aplica\u00e7\u00e3o principal \u00e9 para sistemas de produ\u00e7\u00e3o animal sob <a href=\"https:\/\/vivergrass.com\/loja\/categoria-produto\/pastejo\/\">pastejo<\/a>.<\/p>\n<p>A <a href=\"https:\/\/vivergrass.com\/brs-kurumi\/\">BRS Kurumi<\/a> se destaca por seu not\u00e1vel potencial na produ\u00e7\u00e3o de forragem, oferecendo caracter\u00edsticas nutricionais excepcionais. Isso possibilita ao produtor uma intensifica\u00e7\u00e3o eficaz da produ\u00e7\u00e3o de leite e carne a pasto, permitindo altas taxas de lota\u00e7\u00e3o e um excelente desempenho por animal.<\/p>\n<p>Esta cultivar \u00e9 caracterizada por suas touceiras de formato semiaberto, com folhas e colmos de colora\u00e7\u00e3o verde e intern\u00f3dios curtos.<\/p>\n<p>A BRS Kurumi exibe um vigoroso crescimento vegetativo, com r\u00e1pida expans\u00e3o foliar, intenso perfilhamento e porte baixo.<\/p>\n<p>Sua not\u00e1vel rela\u00e7\u00e3o folha\/colmo e facilidade de manejo devido ao seu porte a tornam uma escolha valiosa para produtores que buscam otimizar seus sistemas de produ\u00e7\u00e3o animal. Com a Muda Pr\u00e9 Brotada de BRS Kurumi, voc\u00ea est\u00e1 investindo em qualidade e efici\u00eancia para o seu pasto.<\/p>\n<\/div>\n<div><\/div>\n<div>\n<h2 id=\"tab-3\" class=\"tab-content\">Caracter\u00edsticas Morfol\u00f3gicas<\/h2>\n<div class=\"tab-content\">A BRS Kurumi caracteriza-se por apresentar porte baixo, touceiras de formato semiaberto, folha e colmo de cor verde e intern\u00f3dio curto. Apresenta crescimento vegetativo vigoroso com r\u00e1pida expans\u00e3o foliar e intenso perfilhamento. Alta propor\u00e7\u00e3o de folhas. O plantio \u00e9 realizado por meio de propaga\u00e7\u00e3o vegetativa (estacas).<\/div>\n<div><\/div>\n<h2 class=\"tab-content\">Caracter\u00edsticas Agron\u00f4micas<\/h2>\n<div class=\"tab-content\">\u00c9 recomendado o cultivo em solos profundos, bem drenados e de boa fertilidade. Exigente em fertilidade com necessidade de aduba\u00e7\u00e3o e irriga\u00e7\u00e3o para expressar todo o potencial produtivo.A infesta\u00e7\u00e3o com Brachiaria decumbens e\/ou Brachiaria brizantha tem sido apontada como um dos maiores entraves para o estabelecimento e a persist\u00eancia de pastos de capim-elefante. Por isso, se poss\u00edvel, deve-se evitar a implanta\u00e7\u00e3o em \u00e1reas de capim-braqui\u00e1ria, ou, ent\u00e3o, proceder a um controle rigoroso por meio de desseca\u00e7\u00f5es e gradagens.<\/div>\n<div><\/div>\n<h2 class=\"tab-content\">Utiliza\u00e7\u00e3o e Manejo<\/h2>\n<div class=\"tab-content\">O m\u00e9todo de pastejo recomendado para a explora\u00e7\u00e3o a pasto do capim-elefante \u00e9 o de lota\u00e7\u00e3o rotacionada. Preconiza-se a entrada dos animais quando o pasto apresentar entre 75 e 80 cm de altura e a retirada deles quando o rebaixamento atingir 35-40 cm. Durante o per\u00edodo chuvoso e com uso de aduba\u00e7\u00e3o em cobertura ap\u00f3s cada ciclo de pastejo, o per\u00edodo de descanso dos piquetes tem sido de mais ou menos 22 dias.<\/div>\n<\/div>\n<div>\n<figure id=\"attachment_28\" aria-describedby=\"caption-attachment-28\" style=\"width: 1400px\" class=\"wp-caption alignnone\"><img fetchpriority=\"high\" decoding=\"async\" class=\"wp-image-28 size-full\" src=\"https:\/\/vivergrass.com\/loja\/wp-content\/uploads\/2023\/07\/Tabela_de_plantio_mudas-varas-50-cm.webp\" alt=\"Tabela de plantio de mudas em hastes\" width=\"1400\" height=\"300\" srcset=\"https:\/\/vivergrass.com\/loja\/wp-content\/uploads\/2023\/07\/Tabela_de_plantio_mudas-varas-50-cm.webp 1400w, https:\/\/vivergrass.com\/loja\/wp-content\/uploads\/2023\/07\/Tabela_de_plantio_mudas-varas-50-cm-600x129.webp 600w, https:\/\/vivergrass.com\/loja\/wp-content\/uploads\/2023\/07\/Tabela_de_plantio_mudas-varas-50-cm-64x14.webp 64w, https:\/\/vivergrass.com\/loja\/wp-content\/uploads\/2023\/07\/Tabela_de_plantio_mudas-varas-50-cm-300x64.webp 300w, https:\/\/vivergrass.com\/loja\/wp-content\/uploads\/2023\/07\/Tabela_de_plantio_mudas-varas-50-cm-1024x219.webp 1024w, https:\/\/vivergrass.com\/loja\/wp-content\/uploads\/2023\/07\/Tabela_de_plantio_mudas-varas-50-cm-768x165.webp 768w\" sizes=\"(max-width: 1400px) 100vw, 1400px\" \/><figcaption id=\"caption-attachment-28\" class=\"wp-caption-text\">Tabela de plantio de mudas em hastes<\/figcaption><\/figure>\n<\/div>\n","protected":false},"excerpt":{"rendered":"<p>Nome cient\u00edfico: Pennisetum purpureum Schum. Cultivar: BRS Kurumi &#8211; Merkeron de Pinda (BAGCE 19) x Roxo (BAGCE 57) Fertilidade do solo: Alta Forma de crescimento: Semi aberto Altura: 0,7 a 0,8 m Utiliza\u00e7\u00e3o: Pastejo direto Digestibilidade: Boa Palatabilidade: Boa Precipita\u00e7\u00e3o pluviom\u00e9trica: Acima de 800 mm anuais Toler\u00e2ncia \u00e0 seca: Boa Toler\u00e2ncia ao frio: Boa Teor [&hellip;]<\/p>\n","protected":false},"featured_media":522,"template":"","meta":{"_monsterinsights_skip_tracking":false,"_monsterinsights_sitenote_active":false,"_monsterinsights_sitenote_note":"","_monsterinsights_sitenote_category":0,"_uf_show_specific_survey":0,"_uf_disable_surveys":false},"product_brand":[],"product_cat":[19,28,16],"product_tag":[27],"class_list":{"0":"post-27","1":"product","2":"type-product","3":"status-publish","4":"has-post-thumbnail","6":"product_cat-corte","7":"product_cat-embrapa","8":"product_cat-pastejo","9":"product_tag-embrapa","11":"first","12":"onbackorder","13":"shipping-taxable","14":"purchasable","15":"product-type-variable"},"aioseo_notices":[],"_links":{"self":[{"href":"https:\/\/vivergrass.com\/loja\/wp-json\/wp\/v2\/product\/27","targetHints":{"allow":["GET"]}}],"collection":[{"href":"https:\/\/vivergrass.com\/loja\/wp-json\/wp\/v2\/product"}],"about":[{"href":"https:\/\/vivergrass.com\/loja\/wp-json\/wp\/v2\/types\/product"}],"wp:featuredmedia":[{"embeddable":true,"href":"https:\/\/vivergrass.com\/loja\/wp-json\/wp\/v2\/media\/522"}],"wp:attachment":[{"href":"https:\/\/vivergrass.com\/loja\/wp-json\/wp\/v2\/media?parent=27"}],"wp:term":[{"taxonomy":"product_brand","embeddable":true,"href":"https:\/\/vivergrass.com\/loja\/wp-json\/wp\/v2\/product_brand?post=27"},{"taxonomy":"product_cat","embeddable":true,"href":"https:\/\/vivergrass.com\/loja\/wp-json\/wp\/v2\/product_cat?post=27"},{"taxonomy":"product_tag","embeddable":true,"href":"https:\/\/vivergrass.com\/loja\/wp-json\/wp\/v2\/product_tag?post=27"}],"curies":[{"name":"wp","href":"https:\/\/api.w.org\/{rel}","templated":true}]}}