{"id":41,"date":"2023-07-20T16:50:10","date_gmt":"2023-07-20T19:50:10","guid":{"rendered":"https:\/\/vivergrass.com\/loja\/?post_type=product&#038;p=41"},"modified":"2026-04-14T09:10:25","modified_gmt":"2026-04-14T12:10:25","slug":"mudas-de-estrela-africana","status":"publish","type":"product","link":"https:\/\/vivergrass.com\/loja\/produto\/mudas-de-estrela-africana\/","title":{"rendered":"Mudas de Estrela Africana"},"content":{"rendered":"<div id=\"tab-1\" class=\"tab-content current\">Nome cientifico: Cynodon plectostachyus (K. schum)<\/div>\n<div class=\"tab-content current\">Cultivar: Capim-Estrela ou Estrela Africana ou Estrela da \u00c1frica<\/div>\n<div class=\"tab-content current\">Fertilidade do solo: Alta<\/div>\n<div class=\"tab-content current\">Forma de crescimento: Prostrado<\/div>\n<div class=\"tab-content current\">Altura: 40 cm<\/div>\n<div class=\"tab-content current\">Utiliza\u00e7\u00e3o: Pastejo direto e fena\u00e7\u00e3o<\/div>\n<div class=\"tab-content current\">Digestibilidade: Boa<\/div>\n<div class=\"tab-content current\">Palatabilidade: Boa<\/div>\n<div class=\"tab-content current\">Precipita\u00e7\u00e3o pluviom\u00e9trica: 635 a 1700mm anuais<\/div>\n<div class=\"tab-content current\">Toler\u00e2ncia \u00e0 seca: Boa<\/div>\n<div class=\"tab-content current\">Toler\u00e2ncia ao frio: M\u00e9dia<\/div>\n<div class=\"tab-content current\">Teor de prote\u00edna: 16 a 20 % na MS<\/div>\n<div class=\"tab-content current\">Profundidade de plantio: 5 cm<\/div>\n<div class=\"tab-content current\">Ciclo vegetativo: Perene<\/div>\n<div class=\"tab-content current\">Produ\u00e7\u00e3o de forragens: 20 ton\/ha\/ano de MS<\/div>\n<div class=\"tab-content current\">Cigarrinha das pastagens: M\u00e9dia<\/div>\n<div class=\"tab-content current\">Consorcia\u00e7\u00e3o: Leucena, guandu, calopog\u00f4nio, stylosantes, etc<\/div>\n<div class=\"tab-content current\">Origem: Leste do Continente Africano<\/div>\n<div id=\"tab-2\" class=\"tab-content\">Muda com 30 cm de altura e 12,5 cm3 de substrato<\/div>\n<div><\/div>\n<div>\n<hr \/>\n<\/div>\n<h1>Mudas de Estrela Africana<\/h1>\n<div>\n<p>As Mudas de Estrela Africana (<a href=\"https:\/\/vivergrass.com\/produtos\/mudas-cynodon\/\">Cynodon nlemfuensis<\/a>) representam uma variedade de <a href=\"https:\/\/pt.wikipedia.org\/wiki\/Cynodon_dactylon\" rel=\"nofollow \">gram\u00ednea forrageira<\/a> nativa da regi\u00e3o tropical da \u00c1frica. Esta cultivar ganhou reconhecimento devido \u00e0 sua not\u00e1vel resist\u00eancia ao pisoteio e \u00e0s condi\u00e7\u00f5es de seca, tornando-se uma escolha proeminente em pastagens para o gado em \u00e1reas com desafios clim\u00e1ticos.<\/p>\n<p>Essas mudas destacam-se por sua capacidade de oferecer um alimento de qualidade para o gado, gra\u00e7as ao seu valor nutricional. Al\u00e9m disso, sua habilidade de sobreviv\u00eancia em condi\u00e7\u00f5es adversas a torna um recurso valioso para pastagens sustent\u00e1veis.<\/p>\n<p>As <a href=\"https:\/\/vivergrass.com\/estrela-africana\/\">Mudas de Estrela Africana<\/a> s\u00e3o particularmente apreciadas em regi\u00f5es onde a resist\u00eancia do solo \u00e9 essencial, pois suas ra\u00edzes profundas podem melhorar a qualidade do solo e prevenir a eros\u00e3o. Sua adaptabilidade e habilidade de fornecer alimento nutritivo s\u00e3o caracter\u00edsticas que fazem delas uma escolha s\u00f3lida para produtores pecu\u00e1rios que buscam maximizar o desempenho das pastagens.<\/p>\n<\/div>\n<div><\/div>\n<h2 id=\"tab-3\" class=\"tab-content\"><strong>Caracter\u00edsticas Morfol\u00f3gicas<\/strong><\/h2>\n<div class=\"tab-content\">Perene, estolon\u00edfera e sem rizomas. Crescimento prostrado e extremamente agressiva.<\/div>\n<div><\/div>\n<h2 class=\"tab-content\"><strong>Caracter\u00edsticas Agron\u00f4micas<\/strong><\/h2>\n<div class=\"tab-content\">Exigente em fertilidade, semente invi\u00e1veis. Alta aceitabilidade por equinos.<\/div>\n<div><\/div>\n<h2 class=\"tab-content\"><strong>Utiliza\u00e7\u00e3o e Manejo<\/strong><\/h2>\n<div class=\"tab-content\">Pastejo direto e Fena\u00e7\u00e3o. Corte ou entrada dos animais deve ser feita com a planta atingindo 30 a 40 cm de altura, deixando um res\u00edduo de 5 cm.<\/div>\n<div><\/div>\n<div><img fetchpriority=\"high\" decoding=\"async\" class=\"alignnone wp-image-22 size-full\" src=\"https:\/\/vivergrass.com\/loja\/wp-content\/uploads\/2023\/07\/Tabela_de_plantio_mudas_cynodon.webp\" alt=\"Tabela de plantio de mudas de cynodon\" width=\"1400\" height=\"300\" srcset=\"https:\/\/vivergrass.com\/loja\/wp-content\/uploads\/2023\/07\/Tabela_de_plantio_mudas_cynodon.webp 1400w, https:\/\/vivergrass.com\/loja\/wp-content\/uploads\/2023\/07\/Tabela_de_plantio_mudas_cynodon-600x129.webp 600w, https:\/\/vivergrass.com\/loja\/wp-content\/uploads\/2023\/07\/Tabela_de_plantio_mudas_cynodon-64x14.webp 64w, https:\/\/vivergrass.com\/loja\/wp-content\/uploads\/2023\/07\/Tabela_de_plantio_mudas_cynodon-300x64.webp 300w, https:\/\/vivergrass.com\/loja\/wp-content\/uploads\/2023\/07\/Tabela_de_plantio_mudas_cynodon-1024x219.webp 1024w, https:\/\/vivergrass.com\/loja\/wp-content\/uploads\/2023\/07\/Tabela_de_plantio_mudas_cynodon-768x165.webp 768w\" sizes=\"(max-width: 1400px) 100vw, 1400px\" \/><\/div>\n","protected":false},"excerpt":{"rendered":"<p>Nome cientifico: Cynodon plectostachyus (K. schum) Cultivar: Capim-Estrela ou Estrela Africana ou Estrela da \u00c1frica Fertilidade do solo: Alta Forma de crescimento: Prostrado Altura: 40 cm Utiliza\u00e7\u00e3o: Pastejo direto e fena\u00e7\u00e3o Digestibilidade: Boa Palatabilidade: Boa Precipita\u00e7\u00e3o pluviom\u00e9trica: 635 a 1700mm anuais Toler\u00e2ncia \u00e0 seca: Boa Toler\u00e2ncia ao frio: M\u00e9dia Teor de prote\u00edna: 16 a 20 [&hellip;]<\/p>\n","protected":false},"featured_media":519,"template":"","meta":{"_monsterinsights_skip_tracking":false,"_monsterinsights_sitenote_active":false,"_monsterinsights_sitenote_note":"","_monsterinsights_sitenote_category":0,"_uf_show_specific_survey":0,"_uf_disable_surveys":false},"product_brand":[],"product_cat":[17,16],"product_tag":[],"class_list":{"0":"post-41","1":"product","2":"type-product","3":"status-publish","4":"has-post-thumbnail","6":"product_cat-fenacao","7":"product_cat-pastejo","9":"first","10":"instock","11":"shipping-taxable","12":"purchasable","13":"product-type-simple"},"aioseo_notices":[],"_links":{"self":[{"href":"https:\/\/vivergrass.com\/loja\/wp-json\/wp\/v2\/product\/41","targetHints":{"allow":["GET"]}}],"collection":[{"href":"https:\/\/vivergrass.com\/loja\/wp-json\/wp\/v2\/product"}],"about":[{"href":"https:\/\/vivergrass.com\/loja\/wp-json\/wp\/v2\/types\/product"}],"wp:featuredmedia":[{"embeddable":true,"href":"https:\/\/vivergrass.com\/loja\/wp-json\/wp\/v2\/media\/519"}],"wp:attachment":[{"href":"https:\/\/vivergrass.com\/loja\/wp-json\/wp\/v2\/media?parent=41"}],"wp:term":[{"taxonomy":"product_brand","embeddable":true,"href":"https:\/\/vivergrass.com\/loja\/wp-json\/wp\/v2\/product_brand?post=41"},{"taxonomy":"product_cat","embeddable":true,"href":"https:\/\/vivergrass.com\/loja\/wp-json\/wp\/v2\/product_cat?post=41"},{"taxonomy":"product_tag","embeddable":true,"href":"https:\/\/vivergrass.com\/loja\/wp-json\/wp\/v2\/product_tag?post=41"}],"curies":[{"name":"wp","href":"https:\/\/api.w.org\/{rel}","templated":true}]}}