{"id":45,"date":"2023-07-20T17:03:11","date_gmt":"2023-07-20T20:03:11","guid":{"rendered":"https:\/\/vivergrass.com\/loja\/?post_type=product&#038;p=45"},"modified":"2026-04-14T09:09:57","modified_gmt":"2026-04-14T12:09:57","slug":"mudas-de-jiggs","status":"publish","type":"product","link":"https:\/\/vivergrass.com\/loja\/produto\/mudas-de-jiggs\/","title":{"rendered":"Mudas de Jiggs"},"content":{"rendered":"<div id=\"tab-1\" class=\"tab-content current\">Nome cientifico: Cynodon dactylon<\/div>\n<div class=\"tab-content current\">Cultivar: Jiggs<\/div>\n<div class=\"tab-content current\">Fertilidade do solo: Alta<\/div>\n<div class=\"tab-content current\">Forma de crescimento: Prostrado<\/div>\n<div class=\"tab-content current\">Altura: 30 cm<\/div>\n<div class=\"tab-content current\">Utiliza\u00e7\u00e3o: Pastejo direto, fena\u00e7\u00e3o<\/div>\n<div class=\"tab-content current\">Digestibilidade: Boa<\/div>\n<div class=\"tab-content current\">Palatabilidade: Boa<\/div>\n<div class=\"tab-content current\">Precipita\u00e7\u00e3o pluviom\u00e9trica: 635 a 1700mm anuais<\/div>\n<div class=\"tab-content current\">Toler\u00e2ncia \u00e0 seca: Boa<\/div>\n<div class=\"tab-content current\">Toler\u00e2ncia ao frio: Boa<\/div>\n<div class=\"tab-content current\">Teor de prote\u00edna: 20 a 22 % na MS<\/div>\n<div class=\"tab-content current\">Profundidade de plantio: 5 cm<\/div>\n<div class=\"tab-content current\">Ciclo vegetativo: Perene<\/div>\n<div class=\"tab-content current\">Produ\u00e7\u00e3o de forragens: 20 ton\/ha\/ano de MS<\/div>\n<div class=\"tab-content current\">Cigarrinha das pastagens: M\u00e9dia<\/div>\n<div class=\"tab-content current\">Consorcia\u00e7\u00e3o: Leucena, guandu, calopog\u00f4nio, stylosantes, etc \u200b<\/div>\n<div class=\"tab-content current\">Origem EUA &#8211; Oeste do Texas<\/div>\n<div><\/div>\n<div id=\"tab-2\" class=\"tab-content\">Mudas de 30 cm. 12,5 cm3 de substrato.<\/div>\n<div><\/div>\n<div>\n<hr \/>\n<\/div>\n<h1>Mudas de Jiggs<\/h1>\n<div>\n<p>As <a href=\"https:\/\/vivergrass.com\/jiggs\/\">Mudas de Jiggs<\/a> (Cynodon dactylon) representam uma cultivar recentemente introduzida no contexto brasileiro, oriunda de uma sele\u00e7\u00e3o de grama bermuda feita por um produtor no leste do Texas, EUA, em 1989, e subsequentemente desenvolvida pela Texas A&amp;M University.<\/p>\n<p>Esta cultivar se destaca por sua adaptabilidade \u00e0s condi\u00e7\u00f5es clim\u00e1ticas brasileiras, particularmente sua capacidade de crescimento em per\u00edodos mais frios.<\/p>\n<p>O capim Jiggs apresenta m\u00faltiplas vantagens para os produtores. Seu crescimento veloz e habilidade eficiente de rebrota ap\u00f3s o pastejo resultam em uma maior disponibilidade de alimento para o rebanho.<\/p>\n<p>Com um perfil nutricional altamente valorizado, o <a href=\"https:\/\/jiggs.com.br\/\">capim Jiggs<\/a> fornece os nutrientes essenciais para promover o crescimento saud\u00e1vel dos animais e a produ\u00e7\u00e3o de carne ou leite de alta qualidade.<\/p>\n<p>Devido \u00e0 sua not\u00e1vel capacidade de adapta\u00e7\u00e3o e aos benef\u00edcios que oferece, o capim Jiggs tem se tornado uma escolha cada vez mais atrativa para agricultores em todo o pa\u00eds.<\/p>\n<p>Sua habilidade de crescimento em condi\u00e7\u00f5es mais frias representa uma alternativa valiosa para a sustentabilidade das <a href=\"https:\/\/vivergrass.com\/loja\/categoria-produto\/pastejo\/\">pastagens<\/a> e o \u00eaxito das opera\u00e7\u00f5es agropecu\u00e1rias.<\/p>\n<\/div>\n<h2 id=\"tab-3\" class=\"tab-content\">Caracter\u00edsticas Morfol\u00f3gicas<\/h2>\n<div class=\"tab-content\">Possui folhas e estol\u00f5es finos. Poucos rizomas e finos<\/div>\n<div><\/div>\n<h2 class=\"tab-content\">Caracter\u00edsticas Agron\u00f4micas<\/h2>\n<div class=\"tab-content\">Vegeta bem em solos pobres. Alto potencial produtivo<\/div>\n<div><\/div>\n<h2 class=\"tab-content\">Utiliza\u00e7\u00e3o e Manejo<\/h2>\n<div class=\"tab-content\">Pastejo direto e Fena\u00e7\u00e3o. Corte ou entrada dos animais deve ser feita com a planta atingindo 30 a 40 cm de altura, deixando um res\u00edduo de 5 cm.<\/div>\n<div><\/div>\n<div>\n<hr \/>\n<\/div>\n<div><\/div>\n<div><img fetchpriority=\"high\" decoding=\"async\" class=\"alignnone wp-image-22 size-full\" src=\"https:\/\/vivergrass.com\/loja\/wp-content\/uploads\/2023\/07\/Tabela_de_plantio_mudas_cynodon.webp\" alt=\"Tabela de plantio de mudas de cynodon\" width=\"1400\" height=\"300\" srcset=\"https:\/\/vivergrass.com\/loja\/wp-content\/uploads\/2023\/07\/Tabela_de_plantio_mudas_cynodon.webp 1400w, https:\/\/vivergrass.com\/loja\/wp-content\/uploads\/2023\/07\/Tabela_de_plantio_mudas_cynodon-600x129.webp 600w, https:\/\/vivergrass.com\/loja\/wp-content\/uploads\/2023\/07\/Tabela_de_plantio_mudas_cynodon-64x14.webp 64w, https:\/\/vivergrass.com\/loja\/wp-content\/uploads\/2023\/07\/Tabela_de_plantio_mudas_cynodon-300x64.webp 300w, https:\/\/vivergrass.com\/loja\/wp-content\/uploads\/2023\/07\/Tabela_de_plantio_mudas_cynodon-1024x219.webp 1024w, https:\/\/vivergrass.com\/loja\/wp-content\/uploads\/2023\/07\/Tabela_de_plantio_mudas_cynodon-768x165.webp 768w\" sizes=\"(max-width: 1400px) 100vw, 1400px\" \/><\/div>\n","protected":false},"excerpt":{"rendered":"<p>Nome cientifico: Cynodon dactylon Cultivar: Jiggs Fertilidade do solo: Alta Forma de crescimento: Prostrado Altura: 30 cm Utiliza\u00e7\u00e3o: Pastejo direto, fena\u00e7\u00e3o Digestibilidade: Boa Palatabilidade: Boa Precipita\u00e7\u00e3o pluviom\u00e9trica: 635 a 1700mm anuais Toler\u00e2ncia \u00e0 seca: Boa Toler\u00e2ncia ao frio: Boa Teor de prote\u00edna: 20 a 22 % na MS Profundidade de plantio: 5 cm Ciclo vegetativo: [&hellip;]<\/p>\n","protected":false},"featured_media":515,"template":"","meta":{"_monsterinsights_skip_tracking":false,"_monsterinsights_sitenote_active":false,"_monsterinsights_sitenote_note":"","_monsterinsights_sitenote_category":0,"_uf_show_specific_survey":0,"_uf_disable_surveys":false},"product_brand":[],"product_cat":[17,16],"product_tag":[],"class_list":{"0":"post-45","1":"product","2":"type-product","3":"status-publish","4":"has-post-thumbnail","6":"product_cat-fenacao","7":"product_cat-pastejo","9":"first","10":"instock","11":"shipping-taxable","12":"purchasable","13":"product-type-simple"},"aioseo_notices":[],"_links":{"self":[{"href":"https:\/\/vivergrass.com\/loja\/wp-json\/wp\/v2\/product\/45","targetHints":{"allow":["GET"]}}],"collection":[{"href":"https:\/\/vivergrass.com\/loja\/wp-json\/wp\/v2\/product"}],"about":[{"href":"https:\/\/vivergrass.com\/loja\/wp-json\/wp\/v2\/types\/product"}],"wp:featuredmedia":[{"embeddable":true,"href":"https:\/\/vivergrass.com\/loja\/wp-json\/wp\/v2\/media\/515"}],"wp:attachment":[{"href":"https:\/\/vivergrass.com\/loja\/wp-json\/wp\/v2\/media?parent=45"}],"wp:term":[{"taxonomy":"product_brand","embeddable":true,"href":"https:\/\/vivergrass.com\/loja\/wp-json\/wp\/v2\/product_brand?post=45"},{"taxonomy":"product_cat","embeddable":true,"href":"https:\/\/vivergrass.com\/loja\/wp-json\/wp\/v2\/product_cat?post=45"},{"taxonomy":"product_tag","embeddable":true,"href":"https:\/\/vivergrass.com\/loja\/wp-json\/wp\/v2\/product_tag?post=45"}],"curies":[{"name":"wp","href":"https:\/\/api.w.org\/{rel}","templated":true}]}}