{"id":56,"date":"2023-07-20T17:18:00","date_gmt":"2023-07-20T20:18:00","guid":{"rendered":"https:\/\/vivergrass.com\/loja\/?post_type=product&#038;p=56"},"modified":"2026-03-19T08:20:38","modified_gmt":"2026-03-19T11:20:38","slug":"mudas-de-brs-kurumi","status":"publish","type":"product","link":"https:\/\/vivergrass.com\/loja\/produto\/mudas-de-brs-kurumi\/","title":{"rendered":"Mudas de BRS Kurumi"},"content":{"rendered":"<div>\n<div id=\"tab-1\" class=\"tab-content\u00a0 current\">Nome cientifico: Pennisetum purpureum Schum.<\/div>\n<\/div>\n<div><\/div>\n<div>\n<div class=\"tab-content\u00a0 current\">Cultivar: BRS Kurumi &#8211; Merkeron de Pinda (BAGCE 19) x Roxo (BAGCE 57)<\/div>\n<\/div>\n<div><\/div>\n<div>\n<div class=\"tab-content\u00a0 current\">Fertilidade do solo: Alta<\/div>\n<\/div>\n<div><\/div>\n<div>\n<div class=\"tab-content\u00a0 current\">Forma de crescimento: Semi aberto Altura: 0,7 a 0,8 m<\/div>\n<\/div>\n<div><\/div>\n<div>\n<div class=\"tab-content\u00a0 current\">Utiliza\u00e7\u00e3o: Pastejo direto<\/div>\n<\/div>\n<div><\/div>\n<div>\n<div class=\"tab-content\u00a0 current\">Digestibilidade: Boa<\/div>\n<\/div>\n<div><\/div>\n<div>\n<div class=\"tab-content\u00a0 current\">Palatabilidade: Boa<\/div>\n<\/div>\n<div><\/div>\n<div>\n<div class=\"tab-content\u00a0 current\">Precipita\u00e7\u00e3o pluviom\u00e9trica: Acima de 800 mm anuais<\/div>\n<\/div>\n<div><\/div>\n<div>\n<div class=\"tab-content\u00a0 current\">Toler\u00e2ncia \u00e0 seca: Boa<\/div>\n<\/div>\n<div><\/div>\n<div>\n<div class=\"tab-content\u00a0 current\">Toler\u00e2ncia ao frio: Boa<\/div>\n<\/div>\n<div><\/div>\n<div>\n<div class=\"tab-content\u00a0 current\">Teor de prote\u00edna: 18 a 20 % na MS<\/div>\n<\/div>\n<div><\/div>\n<div>\n<div class=\"tab-content\u00a0 current\">Profundidade de plantio: 15 a 20 cm<\/div>\n<\/div>\n<div><\/div>\n<div>\n<div class=\"tab-content\u00a0 current\">Ciclo vegetativo: Perene<\/div>\n<\/div>\n<div><\/div>\n<div>\n<div class=\"tab-content\u00a0 current\">Produ\u00e7\u00e3o de forragens: 25 a 30 ton\/ha\/ano de MS<\/div>\n<\/div>\n<div><\/div>\n<div>\n<div class=\"tab-content\u00a0 current\">Cigarrinha das pastagens: Suscept\u00edvel<\/div>\n<\/div>\n<div><\/div>\n<div>\n<div class=\"tab-content\u00a0 current\">Consorcia\u00e7\u00e3o: &#8211;<\/div>\n<\/div>\n<div><\/div>\n<div>\n<div class=\"tab-content\u00a0 current\">Origem Brasil &#8211; Embrapa<\/div>\n<\/div>\n<div><\/div>\n<div>\n<hr \/>\n<\/div>\n<div>\n<h1 id=\"tab-2\" class=\"tab-content\">Muda Pr\u00e9 Brotada de BRS Kurumi<\/h1>\n<div><\/div>\n<\/div>\n<div>\n<p>A <a href=\"https:\/\/vivergrass.com\/produtos\/mpb-capim-elefante\/\">Muda Pr\u00e9 Brotada<\/a> de BRS Kurumi representam uma variedade avan\u00e7ada de capim-elefante (<a href=\"https:\/\/pt.wikipedia.org\/wiki\/Pennisetum_purpureum\" rel=\"nofollow \"><em>Pennisetum purpureum schum<\/em><\/a>) com propaga\u00e7\u00e3o vegetativa atrav\u00e9s de Muda Pr\u00e9 Brotada ou hastes. Sua aplica\u00e7\u00e3o principal \u00e9 para sistemas de produ\u00e7\u00e3o animal sob <a href=\"https:\/\/vivergrass.com\/loja\/categoria-produto\/pastejo\/\">pastejo<\/a>.<\/p>\n<p>A <a href=\"https:\/\/vivergrass.com\/brs-kurumi\/\">BRS Kurumi<\/a> se destaca por seu not\u00e1vel potencial na produ\u00e7\u00e3o de forragem, oferecendo caracter\u00edsticas nutricionais excepcionais. Isso possibilita ao produtor uma intensifica\u00e7\u00e3o eficaz da produ\u00e7\u00e3o de leite e carne a pasto, permitindo altas taxas de lota\u00e7\u00e3o e um excelente desempenho por animal.<\/p>\n<p>Esta cultivar \u00e9 caracterizada por suas touceiras de formato semiaberto, com folhas e colmos de colora\u00e7\u00e3o verde e intern\u00f3dios curtos.<\/p>\n<p>A BRS Kurumi exibe um vigoroso crescimento vegetativo, com r\u00e1pida expans\u00e3o foliar, intenso perfilhamento e porte baixo.<\/p>\n<p>Sua not\u00e1vel rela\u00e7\u00e3o folha\/colmo e facilidade de manejo devido ao seu porte a tornam uma escolha valiosa para produtores que buscam otimizar seus sistemas de produ\u00e7\u00e3o animal. Com a Muda Pr\u00e9 Brotada de BRS Kurumi, voc\u00ea est\u00e1 investindo em qualidade e efici\u00eancia para o seu pasto.<\/p>\n<\/div>\n<div><\/div>\n<div>\n<h2 id=\"tab-3\" class=\"tab-content\">Caracter\u00edsticas Morfol\u00f3gicas<\/h2>\n<div class=\"tab-content\">A BRS Kurumi caracteriza-se por apresentar porte baixo, touceiras de formato semiaberto, folha e colmo de cor verde e intern\u00f3dio curto. Apresenta crescimento vegetativo vigoroso com r\u00e1pida expans\u00e3o foliar e intenso perfilhamento. Alta propor\u00e7\u00e3o de folhas. O plantio \u00e9 realizado por meio de propaga\u00e7\u00e3o vegetativa (estacas).<\/div>\n<div><\/div>\n<h2 class=\"tab-content\">Caracter\u00edsticas Agron\u00f4micas<\/h2>\n<div class=\"tab-content\">\u00c9 recomendado o cultivo em solos profundos, bem drenados e de boa fertilidade. Exigente em fertilidade com necessidade de aduba\u00e7\u00e3o e irriga\u00e7\u00e3o para expressar todo o potencial produtivo.A infesta\u00e7\u00e3o com Brachiaria decumbens e\/ou Brachiaria brizantha tem sido apontada como um dos maiores entraves para o estabelecimento e a persist\u00eancia de pastos de capim-elefante. Por isso, se poss\u00edvel, deve-se evitar a implanta\u00e7\u00e3o em \u00e1reas de capim-braqui\u00e1ria, ou, ent\u00e3o, proceder a um controle rigoroso por meio de desseca\u00e7\u00f5es e gradagens.<\/div>\n<div><\/div>\n<h2 class=\"tab-content\">Utiliza\u00e7\u00e3o e Manejo<\/h2>\n<div class=\"tab-content\">O m\u00e9todo de pastejo recomendado para a explora\u00e7\u00e3o a pasto do capim-elefante \u00e9 o de lota\u00e7\u00e3o rotacionada. Preconiza-se a entrada dos animais quando o pasto apresentar entre 75 e 80 cm de altura e a retirada deles quando o rebaixamento atingir 35-40 cm. Durante o per\u00edodo chuvoso e com uso de aduba\u00e7\u00e3o em cobertura ap\u00f3s cada ciclo de pastejo, o per\u00edodo de descanso dos piquetes tem sido de mais ou menos 22 dias.<\/div>\n<div><\/div>\n<div>\n<hr \/>\n<\/div>\n<\/div>\n<div><\/div>\n<div><img fetchpriority=\"high\" decoding=\"async\" class=\"alignnone wp-image-713 size-full\" src=\"https:\/\/vivergrass.com\/loja\/wp-content\/uploads\/2023\/07\/tabela-brs-kurumi.jpg\" alt=\"Produ\u00e7\u00e3o de MS PB NDT BRS Kurumi\" width=\"768\" height=\"257\" srcset=\"https:\/\/vivergrass.com\/loja\/wp-content\/uploads\/2023\/07\/tabela-brs-kurumi.jpg 768w, https:\/\/vivergrass.com\/loja\/wp-content\/uploads\/2023\/07\/tabela-brs-kurumi-600x201.jpg 600w, https:\/\/vivergrass.com\/loja\/wp-content\/uploads\/2023\/07\/tabela-brs-kurumi-64x21.jpg 64w, https:\/\/vivergrass.com\/loja\/wp-content\/uploads\/2023\/07\/tabela-brs-kurumi-300x100.jpg 300w\" sizes=\"(max-width: 768px) 100vw, 768px\" \/><\/div>\n","protected":false},"excerpt":{"rendered":"<p>Nome cientifico: Pennisetum purpureum Schum. Cultivar: BRS Kurumi &#8211; Merkeron de Pinda (BAGCE 19) x Roxo (BAGCE 57) Fertilidade do solo: Alta Forma de crescimento: Semi aberto Altura: 0,7 a 0,8 m Utiliza\u00e7\u00e3o: Pastejo direto Digestibilidade: Boa Palatabilidade: Boa Precipita\u00e7\u00e3o pluviom\u00e9trica: Acima de 800 mm anuais Toler\u00e2ncia \u00e0 seca: Boa Toler\u00e2ncia ao frio: Boa Teor [&hellip;]<\/p>\n","protected":false},"featured_media":523,"template":"","meta":{"_monsterinsights_skip_tracking":false,"_monsterinsights_sitenote_active":false,"_monsterinsights_sitenote_note":"","_monsterinsights_sitenote_category":0,"_uf_show_specific_survey":0,"_uf_disable_surveys":false},"product_brand":[],"product_cat":[19,28,16],"product_tag":[27],"class_list":{"0":"post-56","1":"product","2":"type-product","3":"status-publish","4":"has-post-thumbnail","6":"product_cat-corte","7":"product_cat-embrapa","8":"product_cat-pastejo","9":"product_tag-embrapa","11":"first","12":"onbackorder","13":"shipping-taxable","14":"purchasable","15":"product-type-simple"},"aioseo_notices":[],"_links":{"self":[{"href":"https:\/\/vivergrass.com\/loja\/wp-json\/wp\/v2\/product\/56","targetHints":{"allow":["GET"]}}],"collection":[{"href":"https:\/\/vivergrass.com\/loja\/wp-json\/wp\/v2\/product"}],"about":[{"href":"https:\/\/vivergrass.com\/loja\/wp-json\/wp\/v2\/types\/product"}],"wp:featuredmedia":[{"embeddable":true,"href":"https:\/\/vivergrass.com\/loja\/wp-json\/wp\/v2\/media\/523"}],"wp:attachment":[{"href":"https:\/\/vivergrass.com\/loja\/wp-json\/wp\/v2\/media?parent=56"}],"wp:term":[{"taxonomy":"product_brand","embeddable":true,"href":"https:\/\/vivergrass.com\/loja\/wp-json\/wp\/v2\/product_brand?post=56"},{"taxonomy":"product_cat","embeddable":true,"href":"https:\/\/vivergrass.com\/loja\/wp-json\/wp\/v2\/product_cat?post=56"},{"taxonomy":"product_tag","embeddable":true,"href":"https:\/\/vivergrass.com\/loja\/wp-json\/wp\/v2\/product_tag?post=56"}],"curies":[{"name":"wp","href":"https:\/\/api.w.org\/{rel}","templated":true}]}}