{"id":61,"date":"2023-07-20T17:24:57","date_gmt":"2023-07-20T20:24:57","guid":{"rendered":"https:\/\/vivergrass.com\/loja\/?post_type=product&#038;p=61"},"modified":"2026-03-19T08:19:05","modified_gmt":"2026-03-19T11:19:05","slug":"mudas-de-brs-capiacu","status":"publish","type":"product","link":"https:\/\/vivergrass.com\/loja\/produto\/mudas-de-brs-capiacu\/","title":{"rendered":"Mudas de BRS Capia\u00e7u"},"content":{"rendered":"<div id=\"tab-1\" class=\"tab-content current\"><span style=\"vertical-align: inherit;\"><span style=\"vertical-align: inherit;\"><span style=\"vertical-align: inherit;\"><span style=\"vertical-align: inherit;\">Nome cient\u00edfico: Pennisetum purpureum Schum<\/span><\/span><\/span><\/span><\/div>\n<div class=\"tab-content current\">Cultivar: BRS Capia\u00e7u (Guaco IZ 2 BAGCE) e (Roxo BAGCE 57)<\/div>\n<div class=\"tab-content current\">Fertilidade do solo: Alta<\/div>\n<div class=\"tab-content current\"><span style=\"vertical-align: inherit;\"><span style=\"vertical-align: inherit;\"><span style=\"vertical-align: inherit;\"><span style=\"vertical-align: inherit;\">Forma de crescimento: Cespitoso, Touceira ereta Altura: 4,2 m<\/span><\/span><\/span><\/span><\/div>\n<div class=\"tab-content current\">Utiliza\u00e7\u00e3o: Corte in natura, Silagem<\/div>\n<div class=\"tab-content current\">Digestibilidade: Boa<\/div>\n<div class=\"tab-content current\">Palatabilidade: Boa<\/div>\n<div class=\"tab-content current\">Precipita\u00e7\u00e3o pluviom\u00e9trica: Acima de 800mm anuais<\/div>\n<div class=\"tab-content current\">Toler\u00e2ncia \u00e0 seca: Boa<\/div>\n<div class=\"tab-content current\">Toler\u00e2ncia ao frio: Boa<\/div>\n<div class=\"tab-content current\">Teor de prote\u00edna: 9,1% na MS<\/div>\n<div class=\"tab-content current\">Profundidade de plantio: 10 a 15 cm<\/div>\n<div class=\"tab-content current\">Ciclo vegetativo: Perene<\/div>\n<div class=\"tab-content current\">Produ\u00e7\u00e3o de forragens: 108,5 a 112,2 ton\/ha de massa verde \/ corte<\/div>\n<div class=\"tab-content current\">Cigarrinha das pastagens: Suscet\u00edvel<\/div>\n<div class=\"tab-content current\">Consorcia\u00e7\u00e3o: &#8211;<\/div>\n<div class=\"tab-content current\">Origem Brasil &#8211; Embrapa<\/div>\n<div>\n<hr \/>\n<\/div>\n<div>\n<h1><span style=\"vertical-align: inherit;\"><span style=\"vertical-align: inherit;\">Muda de BRS Capia\u00e7u<\/span><\/span><\/h1>\n<p>&nbsp;<\/p>\n<p>As <a href=\"https:\/\/vivergrass.com\/produtos\/mpb-capim-elefante\/\">Mudas de BRS Capia\u00e7u<\/a> representam uma cultivar avan\u00e7ada de capim-elefante (<a href=\"https:\/\/pt.wikipedia.org\/wiki\/Pennisetum_purpureum\"><em>Pennisetum purpureum schum<\/em><\/a>)com propaga\u00e7\u00e3o vegetativa, ideal para sistemas de corte.<\/p>\n<p>Sua aplica\u00e7\u00e3o primordial abrange a produ\u00e7\u00e3o de <a href=\"https:\/\/vivergrass.com\/loja\/categoria-produto\/silagem\/\">silagem e picado verde<\/a>, destinados \u00e0 alimenta\u00e7\u00e3o de animais em sistemas de produ\u00e7\u00e3o de carne bovina e leite.<\/p>\n<p>Al\u00e9m disso, devido ao seu not\u00e1vel potencial de produ\u00e7\u00e3o, atingindo impressionantes 50 toneladas de mat\u00e9ria seca por hectare ao ano, a BRS Capia\u00e7u tamb\u00e9m se destaca como uma valiosa fonte de biomassa energ\u00e9tica.<\/p>\n<p>Caracterizada por seu porte elevado, a BRS Capia\u00e7u \u00e9 um \u00edcone de produtividade e valor nutritivo da forragem, superando outras variedades de capim-elefante.<\/p>\n<p>Esta cultivar oferece uma alternativa economicamente vi\u00e1vel em rela\u00e7\u00e3o ao milho e \u00e0 cana-de-a\u00e7\u00facar, sendo a silagem produzida a partir dela uma op\u00e7\u00e3o mais acess\u00edvel para a suplementa\u00e7\u00e3o de pastagens durante os per\u00edodos secos.<\/p>\n<p>A propaga\u00e7\u00e3o da BRS Capia\u00e7u ocorre por meio de Mudas Pr\u00e9 Brotadas ou <a href=\"https:\/\/vivergrass.com\/loja\/produto\/hastes-de-brs-capiacu\/\">colmos <\/a>que apresentam gemas altamente propensas \u00e0 brota\u00e7\u00e3o.<\/p>\n<p>Sua caracter\u00edstica de touceiras densas e colmos eretos facilita a colheita mec\u00e2nica, enquanto suas folhas longas, largas e de colora\u00e7\u00e3o verde enriquecem seu valor como alimento para o gado.<\/p>\n<p>Al\u00e9m disso, a cultivar demonstra boa resist\u00eancia ao estresse h\u00eddrico, embora seja suscet\u00edvel \u00e0s cigarrinhas das pastagens.<\/p>\n<p>No entanto, com um manejo adequado, a BRS Capia\u00e7u exibe uma not\u00e1vel resist\u00eancia contra essas pragas.<\/p>\n<p>Se voc\u00ea busca uma solu\u00e7\u00e3o de alto rendimento e baixo custo para a alimenta\u00e7\u00e3o do seu rebanho, as Mudas Pr\u00e9 Brotadas de BRS Capia\u00e7u s\u00e3o a escolha t\u00e9cnica e econ\u00f4mica que voc\u00ea procura. Garanta a qualidade e a sustentabilidade do seu sistema de produ\u00e7\u00e3o com a excel\u00eancia da BRS Capia\u00e7u.<\/p>\n<p>&nbsp;<\/p>\n<h2>Caracter\u00edsticas Morfol\u00f3gicas<\/h2>\n<p><span style=\"vertical-align: inherit;\"><span style=\"vertical-align: inherit;\"><span style=\"vertical-align: inherit;\"><span style=\"vertical-align: inherit;\">A cultivar apresenta porte alto (4,2 m); touceiras de formato ereto; folhas largas, longas, de cor verde e nervura central branca; colmos grossos (1,6 cm), intern\u00f3dio longos (16 cm) e de colora\u00e7\u00e3o amarelada. Apresenta m\u00e9dia de 30 perfilhos\/m2 e florescimento tardio (julho-agosto).<\/span><\/span><\/span><\/span><\/p>\n<h2>Caracter\u00edsticas Agron\u00f4micas<\/h2>\n<p>Elevado potencial produtivo. Touceiras eretas e densas. Resist\u00eancia ao tombamento. Florescimento tardio Bom valor nutritivo Aus\u00eancia de jo\u00e7al (pelo) Facilidade de colheita mec\u00e2nica Permite 2 a 5 colheitas anuais Produz silagem de boa qualidade Responsiva ao uso de fertilizantes irriga\u00e7\u00e3o \u200b<\/p>\n<h2>Utiliza\u00e7\u00e3o e Manejo<\/h2>\n<p>A cultivar \u00e9 indicada para cultivo de capineiras, visando a suplementa\u00e7\u00e3o volumosa na forma de silagem ou picado verde. Devido ao seu elevado potencial de produ\u00e7\u00e3o pode ser cultivada para produ\u00e7\u00e3o de biomassa energ\u00e9tica.<\/p>\n<\/div>\n<div>\n<hr \/>\n<\/div>\n<h2>Produ\u00e7\u00e3o e composi\u00e7\u00e3o qu\u00edmica da forragem BRS Capia\u00e7u<\/h2>\n<p><strong>Produ\u00e7\u00e3o de biomassa e altura das plantas da cultivar BRS Capia\u00e7u, em diferentes idades de corte.<\/strong><\/p>\n<div><img fetchpriority=\"high\" decoding=\"async\" class=\"alignnone wp-image-710 size-full\" src=\"https:\/\/vivergrass.com\/loja\/wp-content\/uploads\/2023\/07\/producao.jpg\" alt=\"produ\u00e7\u00e3o brs capia\u00e7u\" width=\"411\" height=\"165\" srcset=\"https:\/\/vivergrass.com\/loja\/wp-content\/uploads\/2023\/07\/producao.jpg 411w, https:\/\/vivergrass.com\/loja\/wp-content\/uploads\/2023\/07\/producao-64x26.jpg 64w, https:\/\/vivergrass.com\/loja\/wp-content\/uploads\/2023\/07\/producao-300x120.jpg 300w\" sizes=\"(max-width: 411px) 100vw, 411px\" \/><\/div>\n<div><\/div>\n<div><\/div>\n<div><strong>Composi\u00e7\u00e3o qu\u00edmica da forragem da BRS Capia\u00e7u em diferentes idades de corte.<\/strong><\/div>\n<div><\/div>\n<div><img decoding=\"async\" class=\"alignnone wp-image-708 size-full\" src=\"https:\/\/vivergrass.com\/loja\/wp-content\/uploads\/2023\/07\/valores-nutricionais.jpg\" alt=\"valores nutricionais da brs capia\u00e7u\" width=\"413\" height=\"206\" srcset=\"https:\/\/vivergrass.com\/loja\/wp-content\/uploads\/2023\/07\/valores-nutricionais.jpg 413w, https:\/\/vivergrass.com\/loja\/wp-content\/uploads\/2023\/07\/valores-nutricionais-64x32.jpg 64w, https:\/\/vivergrass.com\/loja\/wp-content\/uploads\/2023\/07\/valores-nutricionais-300x150.jpg 300w\" sizes=\"(max-width: 413px) 100vw, 413px\" \/><\/div>\n<div><\/div>\n<div><strong>Composi\u00e7\u00e3o qu\u00edmica da silagem da BRS Capia\u00e7u em diferentes idades de corte<\/strong><\/div>\n<div><img decoding=\"async\" class=\"alignnone wp-image-709 size-full\" src=\"https:\/\/vivergrass.com\/loja\/wp-content\/uploads\/2023\/07\/valores-nutricionais-silagem.jpg\" alt=\"valores nutricionais silagem de brs capia\u00e7u\" width=\"410\" height=\"157\" srcset=\"https:\/\/vivergrass.com\/loja\/wp-content\/uploads\/2023\/07\/valores-nutricionais-silagem.jpg 410w, https:\/\/vivergrass.com\/loja\/wp-content\/uploads\/2023\/07\/valores-nutricionais-silagem-64x25.jpg 64w, https:\/\/vivergrass.com\/loja\/wp-content\/uploads\/2023\/07\/valores-nutricionais-silagem-300x115.jpg 300w\" sizes=\"(max-width: 410px) 100vw, 410px\" \/><\/div>\n","protected":false},"excerpt":{"rendered":"<p>Nome cient\u00edfico: Pennisetum purpureum Schum Cultivar: BRS Capia\u00e7u (Guaco IZ 2 BAGCE) e (Roxo BAGCE 57) Fertilidade do solo: Alta Forma de crescimento: Cespitoso, Touceira ereta Altura: 4,2 m Utiliza\u00e7\u00e3o: Corte in natura, Silagem Digestibilidade: Boa Palatabilidade: Boa Precipita\u00e7\u00e3o pluviom\u00e9trica: Acima de 800mm anuais Toler\u00e2ncia \u00e0 seca: Boa Toler\u00e2ncia ao frio: Boa Teor de prote\u00edna: [&hellip;]<\/p>\n","protected":false},"featured_media":529,"template":"","meta":{"_monsterinsights_skip_tracking":false,"_monsterinsights_sitenote_active":false,"_monsterinsights_sitenote_note":"","_monsterinsights_sitenote_category":0,"_uf_show_specific_survey":0,"_uf_disable_surveys":false},"product_brand":[],"product_cat":[19,28,18],"product_tag":[27],"class_list":{"0":"post-61","1":"product","2":"type-product","3":"status-publish","4":"has-post-thumbnail","6":"product_cat-corte","7":"product_cat-embrapa","8":"product_cat-silagem","9":"product_tag-embrapa","11":"first","12":"onbackorder","13":"shipping-taxable","14":"purchasable","15":"product-type-simple"},"aioseo_notices":[],"_links":{"self":[{"href":"https:\/\/vivergrass.com\/loja\/wp-json\/wp\/v2\/product\/61","targetHints":{"allow":["GET"]}}],"collection":[{"href":"https:\/\/vivergrass.com\/loja\/wp-json\/wp\/v2\/product"}],"about":[{"href":"https:\/\/vivergrass.com\/loja\/wp-json\/wp\/v2\/types\/product"}],"wp:featuredmedia":[{"embeddable":true,"href":"https:\/\/vivergrass.com\/loja\/wp-json\/wp\/v2\/media\/529"}],"wp:attachment":[{"href":"https:\/\/vivergrass.com\/loja\/wp-json\/wp\/v2\/media?parent=61"}],"wp:term":[{"taxonomy":"product_brand","embeddable":true,"href":"https:\/\/vivergrass.com\/loja\/wp-json\/wp\/v2\/product_brand?post=61"},{"taxonomy":"product_cat","embeddable":true,"href":"https:\/\/vivergrass.com\/loja\/wp-json\/wp\/v2\/product_cat?post=61"},{"taxonomy":"product_tag","embeddable":true,"href":"https:\/\/vivergrass.com\/loja\/wp-json\/wp\/v2\/product_tag?post=61"}],"curies":[{"name":"wp","href":"https:\/\/api.w.org\/{rel}","templated":true}]}}